{"id":16989,"date":"2023-09-27T15:17:15","date_gmt":"2023-09-27T12:17:15","guid":{"rendered":"https:\/\/www.emaer.com.tr\/?post_type=product&#038;p=16989"},"modified":"2024-01-15T17:22:26","modified_gmt":"2024-01-15T14:22:26","slug":"ahsap-boya-karistirma-cubugu","status":"publish","type":"product","link":"https:\/\/www.emaer.com.tr\/tr\/urun\/ahsap-boya-karistirma-cubugu\/","title":{"rendered":"Ah\u015fap Boya Kar\u0131\u015ft\u0131rma \u00c7ubu\u011fu"},"content":{"rendered":"<p>Her t\u00fcrl\u00fc boya ve s\u0131v\u0131 kimyasal maddelerin kar\u0131\u015ft\u0131r\u0131lmas\u0131nda kullan\u0131l\u0131r. Do\u011fal a\u011fa\u00e7tan \u00fcretilmektedir. Farkl\u0131 uzunluklardaki se\u00e7enekleri mevcuttur.<\/p>\n","protected":false},"excerpt":{"rendered":"<p>Her t\u00fcrl\u00fc boya ve s\u0131v\u0131 kimyasal maddelerin kar\u0131\u015ft\u0131r\u0131lmas\u0131nda kullan\u0131l\u0131r. Do\u011fal a\u011fa\u00e7tan \u00fcretilmektedir. Farkl\u0131 uzunluklardaki se\u00e7enekleri mevcuttur.<\/p>\n","protected":false},"featured_media":16992,"template":"","meta":{"inline_featured_image":false},"product_cat":[106],"product_tag":[],"class_list":{"0":"post-16989","1":"product","2":"type-product","3":"status-publish","4":"has-post-thumbnail","6":"product_cat-hirdavat","8":"first","9":"instock","10":"shipping-taxable","11":"product-type-simple"},"yoast_head":"<!-- This site is optimized with the Yoast SEO plugin v22.6 - https:\/\/yoast.com\/wordpress\/plugins\/seo\/ -->\n<title>Ah\u015fap Boya Kar\u0131\u015ft\u0131rma \u00c7ubu\u011fu - Emaer<\/title>\n<meta name=\"description\" content=\"Her t\u00fcrl\u00fc boya ve s\u0131v\u0131 kimyasal maddelerin kar\u0131\u015ft\u0131r\u0131lmas\u0131nda kullan\u0131labilen boya kar\u0131\u015ft\u0131rma \u00e7ubu\u011fu. Farkl\u0131 uzunluklarda ah\u015fap boya kar\u0131\u015ft\u0131rma \u00e7ubuklar\u0131.\" \/>\n<meta name=\"robots\" content=\"index, follow, max-snippet:-1, max-image-preview:large, max-video-preview:-1\" \/>\n<link rel=\"canonical\" href=\"https:\/\/www.emaer.com.tr\/tr\/urun\/ahsap-boya-karistirma-cubugu\/\" \/>\n<meta property=\"og:locale\" content=\"tr_TR\" \/>\n<meta property=\"og:type\" content=\"article\" \/>\n<meta property=\"og:title\" content=\"Ah\u015fap Boya Kar\u0131\u015ft\u0131rma \u00c7ubu\u011fu - Emaer\" \/>\n<meta property=\"og:description\" content=\"Her t\u00fcrl\u00fc boya ve s\u0131v\u0131 kimyasal maddelerin kar\u0131\u015ft\u0131r\u0131lmas\u0131nda kullan\u0131labilen boya kar\u0131\u015ft\u0131rma \u00e7ubu\u011fu. Farkl\u0131 uzunluklarda ah\u015fap boya kar\u0131\u015ft\u0131rma \u00e7ubuklar\u0131.\" \/>\n<meta property=\"og:url\" content=\"https:\/\/www.emaer.com.tr\/tr\/urun\/ahsap-boya-karistirma-cubugu\/\" \/>\n<meta property=\"og:site_name\" content=\"Emaer\" \/>\n<meta property=\"article:modified_time\" content=\"2024-01-15T14:22:26+00:00\" \/>\n<meta property=\"og:image\" content=\"https:\/\/www.emaer.com.tr\/wp-content\/uploads\/2023\/09\/BOYAKA2-scaled.jpg\" \/>\n\t<meta property=\"og:image:width\" content=\"2560\" \/>\n\t<meta property=\"og:image:height\" content=\"1707\" \/>\n\t<meta property=\"og:image:type\" content=\"image\/jpeg\" \/>\n<meta name=\"twitter:card\" content=\"summary_large_image\" \/>\n<meta name=\"twitter:label1\" content=\"Tahmini okuma s\u00fcresi\" \/>\n\t<meta name=\"twitter:data1\" content=\"1 dakika\" \/>\n<script type=\"application\/ld+json\" class=\"yoast-schema-graph\">{\"@context\":\"https:\/\/schema.org\",\"@graph\":[{\"@type\":\"WebPage\",\"@id\":\"https:\/\/www.emaer.com.tr\/tr\/urun\/ahsap-boya-karistirma-cubugu\/\",\"url\":\"https:\/\/www.emaer.com.tr\/tr\/urun\/ahsap-boya-karistirma-cubugu\/\",\"name\":\"Ah\u015fap Boya Kar\u0131\u015ft\u0131rma \u00c7ubu\u011fu - Emaer\",\"isPartOf\":{\"@id\":\"https:\/\/www.emaer.com.tr\/#website\"},\"primaryImageOfPage\":{\"@id\":\"https:\/\/www.emaer.com.tr\/tr\/urun\/ahsap-boya-karistirma-cubugu\/#primaryimage\"},\"image\":{\"@id\":\"https:\/\/www.emaer.com.tr\/tr\/urun\/ahsap-boya-karistirma-cubugu\/#primaryimage\"},\"thumbnailUrl\":\"https:\/\/www.emaer.com.tr\/wp-content\/uploads\/2023\/09\/BOYAKA2-scaled.jpg\",\"datePublished\":\"2023-09-27T12:17:15+00:00\",\"dateModified\":\"2024-01-15T14:22:26+00:00\",\"description\":\"Her t\u00fcrl\u00fc boya ve s\u0131v\u0131 kimyasal maddelerin kar\u0131\u015ft\u0131r\u0131lmas\u0131nda kullan\u0131labilen boya kar\u0131\u015ft\u0131rma \u00e7ubu\u011fu. Farkl\u0131 uzunluklarda ah\u015fap boya kar\u0131\u015ft\u0131rma \u00e7ubuklar\u0131.\",\"breadcrumb\":{\"@id\":\"https:\/\/www.emaer.com.tr\/tr\/urun\/ahsap-boya-karistirma-cubugu\/#breadcrumb\"},\"inLanguage\":\"tr\",\"potentialAction\":[{\"@type\":\"ReadAction\",\"target\":[\"https:\/\/www.emaer.com.tr\/tr\/urun\/ahsap-boya-karistirma-cubugu\/\"]}]},{\"@type\":\"ImageObject\",\"inLanguage\":\"tr\",\"@id\":\"https:\/\/www.emaer.com.tr\/tr\/urun\/ahsap-boya-karistirma-cubugu\/#primaryimage\",\"url\":\"https:\/\/www.emaer.com.tr\/wp-content\/uploads\/2023\/09\/BOYAKA2-scaled.jpg\",\"contentUrl\":\"https:\/\/www.emaer.com.tr\/wp-content\/uploads\/2023\/09\/BOYAKA2-scaled.jpg\",\"width\":2560,\"height\":1707},{\"@type\":\"BreadcrumbList\",\"@id\":\"https:\/\/www.emaer.com.tr\/tr\/urun\/ahsap-boya-karistirma-cubugu\/#breadcrumb\",\"itemListElement\":[{\"@type\":\"ListItem\",\"position\":1,\"name\":\"Home\",\"item\":\"https:\/\/www.emaer.com.tr\/\"},{\"@type\":\"ListItem\",\"position\":2,\"name\":\"\u00dcr\u00fcnler\",\"item\":\"https:\/\/www.emaer.com.tr\/tr\/urunler\/\"},{\"@type\":\"ListItem\",\"position\":3,\"name\":\"Ah\u015fap Boya Kar\u0131\u015ft\u0131rma \u00c7ubu\u011fu\"}]},{\"@type\":\"WebSite\",\"@id\":\"https:\/\/www.emaer.com.tr\/#website\",\"url\":\"https:\/\/www.emaer.com.tr\/\",\"name\":\"Emaer\",\"description\":\"T\u00fcrkiye&#039;nin En B\u00fcy\u00fck T\u00f6rp\u00fc \u00dcreticisi\",\"publisher\":{\"@id\":\"https:\/\/www.emaer.com.tr\/#organization\"},\"potentialAction\":[{\"@type\":\"SearchAction\",\"target\":{\"@type\":\"EntryPoint\",\"urlTemplate\":\"https:\/\/www.emaer.com.tr\/?s={search_term_string}\"},\"query-input\":\"required name=search_term_string\"}],\"inLanguage\":\"tr\"},{\"@type\":\"Organization\",\"@id\":\"https:\/\/www.emaer.com.tr\/#organization\",\"name\":\"Emaer\",\"url\":\"https:\/\/www.emaer.com.tr\/\",\"logo\":{\"@type\":\"ImageObject\",\"inLanguage\":\"tr\",\"@id\":\"https:\/\/www.emaer.com.tr\/#\/schema\/logo\/image\/\",\"url\":\"https:\/\/www.emaer.com.tr\/wp-content\/uploads\/2020\/10\/emaer-logo10.png\",\"contentUrl\":\"https:\/\/www.emaer.com.tr\/wp-content\/uploads\/2020\/10\/emaer-logo10.png\",\"width\":211,\"height\":60,\"caption\":\"Emaer\"},\"image\":{\"@id\":\"https:\/\/www.emaer.com.tr\/#\/schema\/logo\/image\/\"}}]}<\/script>\n<!-- \/ Yoast SEO plugin. -->","yoast_head_json":{"title":"Ah\u015fap Boya Kar\u0131\u015ft\u0131rma \u00c7ubu\u011fu - Emaer","description":"Her t\u00fcrl\u00fc boya ve s\u0131v\u0131 kimyasal maddelerin kar\u0131\u015ft\u0131r\u0131lmas\u0131nda kullan\u0131labilen boya kar\u0131\u015ft\u0131rma \u00e7ubu\u011fu. Farkl\u0131 uzunluklarda ah\u015fap boya kar\u0131\u015ft\u0131rma \u00e7ubuklar\u0131.","robots":{"index":"index","follow":"follow","max-snippet":"max-snippet:-1","max-image-preview":"max-image-preview:large","max-video-preview":"max-video-preview:-1"},"canonical":"https:\/\/www.emaer.com.tr\/tr\/urun\/ahsap-boya-karistirma-cubugu\/","og_locale":"tr_TR","og_type":"article","og_title":"Ah\u015fap Boya Kar\u0131\u015ft\u0131rma \u00c7ubu\u011fu - Emaer","og_description":"Her t\u00fcrl\u00fc boya ve s\u0131v\u0131 kimyasal maddelerin kar\u0131\u015ft\u0131r\u0131lmas\u0131nda kullan\u0131labilen boya kar\u0131\u015ft\u0131rma \u00e7ubu\u011fu. Farkl\u0131 uzunluklarda ah\u015fap boya kar\u0131\u015ft\u0131rma \u00e7ubuklar\u0131.","og_url":"https:\/\/www.emaer.com.tr\/tr\/urun\/ahsap-boya-karistirma-cubugu\/","og_site_name":"Emaer","article_modified_time":"2024-01-15T14:22:26+00:00","og_image":[{"width":2560,"height":1707,"url":"https:\/\/www.emaer.com.tr\/wp-content\/uploads\/2023\/09\/BOYAKA2-scaled.jpg","type":"image\/jpeg"}],"twitter_card":"summary_large_image","twitter_misc":{"Tahmini okuma s\u00fcresi":"1 dakika"},"schema":{"@context":"https:\/\/schema.org","@graph":[{"@type":"WebPage","@id":"https:\/\/www.emaer.com.tr\/tr\/urun\/ahsap-boya-karistirma-cubugu\/","url":"https:\/\/www.emaer.com.tr\/tr\/urun\/ahsap-boya-karistirma-cubugu\/","name":"Ah\u015fap Boya Kar\u0131\u015ft\u0131rma \u00c7ubu\u011fu - Emaer","isPartOf":{"@id":"https:\/\/www.emaer.com.tr\/#website"},"primaryImageOfPage":{"@id":"https:\/\/www.emaer.com.tr\/tr\/urun\/ahsap-boya-karistirma-cubugu\/#primaryimage"},"image":{"@id":"https:\/\/www.emaer.com.tr\/tr\/urun\/ahsap-boya-karistirma-cubugu\/#primaryimage"},"thumbnailUrl":"https:\/\/www.emaer.com.tr\/wp-content\/uploads\/2023\/09\/BOYAKA2-scaled.jpg","datePublished":"2023-09-27T12:17:15+00:00","dateModified":"2024-01-15T14:22:26+00:00","description":"Her t\u00fcrl\u00fc boya ve s\u0131v\u0131 kimyasal maddelerin kar\u0131\u015ft\u0131r\u0131lmas\u0131nda kullan\u0131labilen boya kar\u0131\u015ft\u0131rma \u00e7ubu\u011fu. Farkl\u0131 uzunluklarda ah\u015fap boya kar\u0131\u015ft\u0131rma \u00e7ubuklar\u0131.","breadcrumb":{"@id":"https:\/\/www.emaer.com.tr\/tr\/urun\/ahsap-boya-karistirma-cubugu\/#breadcrumb"},"inLanguage":"tr","potentialAction":[{"@type":"ReadAction","target":["https:\/\/www.emaer.com.tr\/tr\/urun\/ahsap-boya-karistirma-cubugu\/"]}]},{"@type":"ImageObject","inLanguage":"tr","@id":"https:\/\/www.emaer.com.tr\/tr\/urun\/ahsap-boya-karistirma-cubugu\/#primaryimage","url":"https:\/\/www.emaer.com.tr\/wp-content\/uploads\/2023\/09\/BOYAKA2-scaled.jpg","contentUrl":"https:\/\/www.emaer.com.tr\/wp-content\/uploads\/2023\/09\/BOYAKA2-scaled.jpg","width":2560,"height":1707},{"@type":"BreadcrumbList","@id":"https:\/\/www.emaer.com.tr\/tr\/urun\/ahsap-boya-karistirma-cubugu\/#breadcrumb","itemListElement":[{"@type":"ListItem","position":1,"name":"Home","item":"https:\/\/www.emaer.com.tr\/"},{"@type":"ListItem","position":2,"name":"\u00dcr\u00fcnler","item":"https:\/\/www.emaer.com.tr\/tr\/urunler\/"},{"@type":"ListItem","position":3,"name":"Ah\u015fap Boya Kar\u0131\u015ft\u0131rma \u00c7ubu\u011fu"}]},{"@type":"WebSite","@id":"https:\/\/www.emaer.com.tr\/#website","url":"https:\/\/www.emaer.com.tr\/","name":"Emaer","description":"T\u00fcrkiye&#039;nin En B\u00fcy\u00fck T\u00f6rp\u00fc \u00dcreticisi","publisher":{"@id":"https:\/\/www.emaer.com.tr\/#organization"},"potentialAction":[{"@type":"SearchAction","target":{"@type":"EntryPoint","urlTemplate":"https:\/\/www.emaer.com.tr\/?s={search_term_string}"},"query-input":"required name=search_term_string"}],"inLanguage":"tr"},{"@type":"Organization","@id":"https:\/\/www.emaer.com.tr\/#organization","name":"Emaer","url":"https:\/\/www.emaer.com.tr\/","logo":{"@type":"ImageObject","inLanguage":"tr","@id":"https:\/\/www.emaer.com.tr\/#\/schema\/logo\/image\/","url":"https:\/\/www.emaer.com.tr\/wp-content\/uploads\/2020\/10\/emaer-logo10.png","contentUrl":"https:\/\/www.emaer.com.tr\/wp-content\/uploads\/2020\/10\/emaer-logo10.png","width":211,"height":60,"caption":"Emaer"},"image":{"@id":"https:\/\/www.emaer.com.tr\/#\/schema\/logo\/image\/"}}]}},"_links":{"self":[{"href":"https:\/\/www.emaer.com.tr\/tr\/wp-json\/wp\/v2\/product\/16989","targetHints":{"allow":["GET"]}}],"collection":[{"href":"https:\/\/www.emaer.com.tr\/tr\/wp-json\/wp\/v2\/product"}],"about":[{"href":"https:\/\/www.emaer.com.tr\/tr\/wp-json\/wp\/v2\/types\/product"}],"version-history":[{"count":2,"href":"https:\/\/www.emaer.com.tr\/tr\/wp-json\/wp\/v2\/product\/16989\/revisions"}],"predecessor-version":[{"id":17624,"href":"https:\/\/www.emaer.com.tr\/tr\/wp-json\/wp\/v2\/product\/16989\/revisions\/17624"}],"wp:featuredmedia":[{"embeddable":true,"href":"https:\/\/www.emaer.com.tr\/tr\/wp-json\/wp\/v2\/media\/16992"}],"wp:attachment":[{"href":"https:\/\/www.emaer.com.tr\/tr\/wp-json\/wp\/v2\/media?parent=16989"}],"wp:term":[{"taxonomy":"product_cat","embeddable":true,"href":"https:\/\/www.emaer.com.tr\/tr\/wp-json\/wp\/v2\/product_cat?post=16989"},{"taxonomy":"product_tag","embeddable":true,"href":"https:\/\/www.emaer.com.tr\/tr\/wp-json\/wp\/v2\/product_tag?post=16989"}],"curies":[{"name":"wp","href":"https:\/\/api.w.org\/{rel}","templated":true}]}}