{"id":16538,"date":"2021-09-11T16:22:20","date_gmt":"2021-09-11T13:22:20","guid":{"rendered":"https:\/\/www.emaer.com.tr\/?post_type=product&#038;p=16538"},"modified":"2024-01-24T09:07:00","modified_gmt":"2024-01-24T06:07:00","slug":"tibbi-tirnak-torpusu","status":"publish","type":"product","link":"https:\/\/www.emaer.com.tr\/tr\/urun\/tibbi-tirnak-torpusu\/","title":{"rendered":"T\u0131bbi T\u0131rnak T\u00f6rp\u00fcs\u00fc"},"content":{"rendered":"","protected":false},"excerpt":{"rendered":"<p>T\u0131bbi t\u0131rnak t\u00f6rp\u00fcleri genellikle t\u0131rnaklardaki mantarl\u0131 veya hasarl\u0131 k\u0131s\u0131mlar\u0131n t\u00f6rp\u00fclenmesi amac\u0131yla tercih edilmektedir. \u0130nce ve kal\u0131n \u00e7ift tarafl\u0131 t\u00f6rp\u00fc uygulama alan\u0131n\u0131n dokusuna \u00f6zel m\u00fcdahale etme imkan\u0131 sunar. 14&#8217;l\u00fc paket \u015feklinde mevcuttur. Tercihe g\u00f6re farkl\u0131 adetli paketlerde \u00f6zel tasar\u0131m \/ logo bask\u0131l\u0131 \u00fcretimi ger\u00e7ekle\u015ftirilebilir.<\/p>\n<p>T\u0131rnak mantar\u0131 gibi ila\u00e7 setlerinde tercih edilmektedir. \u0130la\u00e7 firmalar\u0131na \u00fcretti\u011fimiz izo propil dezenfektan mendil ile birlikte t\u0131bbi t\u0131rnak t\u00f6rp\u00fclerinin tedari\u011fini ger\u00e7ekle\u015ftirmekteyiz.<\/p>\n","protected":false},"featured_media":16539,"template":"","meta":{"inline_featured_image":false},"product_cat":[73],"product_tag":[],"class_list":{"0":"post-16538","1":"product","2":"type-product","3":"status-publish","4":"has-post-thumbnail","6":"product_cat-medikal-torpuler","8":"first","9":"instock","10":"shipping-taxable","11":"product-type-simple"},"yoast_head":"<!-- This site is optimized with the Yoast SEO plugin v22.6 - https:\/\/yoast.com\/wordpress\/plugins\/seo\/ -->\n<title>T\u0131bbi T\u0131rnak T\u00f6rp\u00fcs\u00fc - Emaer<\/title>\n<meta name=\"description\" content=\"T\u0131bbi t\u0131rnak t\u00f6rp\u00fcleri t\u0131rnaklardaki mantarl\u0131 vek hasarl\u0131 k\u0131s\u0131mlar\u0131n t\u00f6rp\u00fclenmesi amac\u0131yla kullan\u0131l\u0131r. \u0130nce ve kal\u0131n \u00e7ift tarafl\u0131 t\u0131rnak t\u00f6rp\u00fcs\u00fc imalat\u0131.\" \/>\n<meta name=\"robots\" content=\"index, follow, max-snippet:-1, max-image-preview:large, max-video-preview:-1\" \/>\n<link rel=\"canonical\" href=\"https:\/\/www.emaer.com.tr\/tr\/urun\/tibbi-tirnak-torpusu\/\" \/>\n<meta property=\"og:locale\" content=\"tr_TR\" \/>\n<meta property=\"og:type\" content=\"article\" \/>\n<meta property=\"og:title\" content=\"T\u0131bbi T\u0131rnak T\u00f6rp\u00fcs\u00fc - Emaer\" \/>\n<meta property=\"og:description\" content=\"T\u0131bbi t\u0131rnak t\u00f6rp\u00fcleri t\u0131rnaklardaki mantarl\u0131 vek hasarl\u0131 k\u0131s\u0131mlar\u0131n t\u00f6rp\u00fclenmesi amac\u0131yla kullan\u0131l\u0131r. \u0130nce ve kal\u0131n \u00e7ift tarafl\u0131 t\u0131rnak t\u00f6rp\u00fcs\u00fc imalat\u0131.\" \/>\n<meta property=\"og:url\" content=\"https:\/\/www.emaer.com.tr\/tr\/urun\/tibbi-tirnak-torpusu\/\" \/>\n<meta property=\"og:site_name\" content=\"Emaer\" \/>\n<meta property=\"article:modified_time\" content=\"2024-01-24T06:07:00+00:00\" \/>\n<meta property=\"og:image\" content=\"https:\/\/www.emaer.com.tr\/wp-content\/uploads\/2021\/09\/tibbi-tirnak-torpusu-14lu-emaer.jpg\" \/>\n\t<meta property=\"og:image:width\" content=\"700\" \/>\n\t<meta property=\"og:image:height\" content=\"1000\" \/>\n\t<meta property=\"og:image:type\" content=\"image\/jpeg\" \/>\n<meta name=\"twitter:card\" content=\"summary_large_image\" \/>\n<meta name=\"twitter:label1\" content=\"Tahmini okuma s\u00fcresi\" \/>\n\t<meta name=\"twitter:data1\" content=\"1 dakika\" \/>\n<script type=\"application\/ld+json\" class=\"yoast-schema-graph\">{\"@context\":\"https:\/\/schema.org\",\"@graph\":[{\"@type\":\"WebPage\",\"@id\":\"https:\/\/www.emaer.com.tr\/tr\/urun\/tibbi-tirnak-torpusu\/\",\"url\":\"https:\/\/www.emaer.com.tr\/tr\/urun\/tibbi-tirnak-torpusu\/\",\"name\":\"T\u0131bbi T\u0131rnak T\u00f6rp\u00fcs\u00fc - Emaer\",\"isPartOf\":{\"@id\":\"https:\/\/www.emaer.com.tr\/#website\"},\"primaryImageOfPage\":{\"@id\":\"https:\/\/www.emaer.com.tr\/tr\/urun\/tibbi-tirnak-torpusu\/#primaryimage\"},\"image\":{\"@id\":\"https:\/\/www.emaer.com.tr\/tr\/urun\/tibbi-tirnak-torpusu\/#primaryimage\"},\"thumbnailUrl\":\"https:\/\/www.emaer.com.tr\/wp-content\/uploads\/2021\/09\/tibbi-tirnak-torpusu-14lu-emaer.jpg\",\"datePublished\":\"2021-09-11T13:22:20+00:00\",\"dateModified\":\"2024-01-24T06:07:00+00:00\",\"description\":\"T\u0131bbi t\u0131rnak t\u00f6rp\u00fcleri t\u0131rnaklardaki mantarl\u0131 vek hasarl\u0131 k\u0131s\u0131mlar\u0131n t\u00f6rp\u00fclenmesi amac\u0131yla kullan\u0131l\u0131r. \u0130nce ve kal\u0131n \u00e7ift tarafl\u0131 t\u0131rnak t\u00f6rp\u00fcs\u00fc imalat\u0131.\",\"breadcrumb\":{\"@id\":\"https:\/\/www.emaer.com.tr\/tr\/urun\/tibbi-tirnak-torpusu\/#breadcrumb\"},\"inLanguage\":\"tr\",\"potentialAction\":[{\"@type\":\"ReadAction\",\"target\":[\"https:\/\/www.emaer.com.tr\/tr\/urun\/tibbi-tirnak-torpusu\/\"]}]},{\"@type\":\"ImageObject\",\"inLanguage\":\"tr\",\"@id\":\"https:\/\/www.emaer.com.tr\/tr\/urun\/tibbi-tirnak-torpusu\/#primaryimage\",\"url\":\"https:\/\/www.emaer.com.tr\/wp-content\/uploads\/2021\/09\/tibbi-tirnak-torpusu-14lu-emaer.jpg\",\"contentUrl\":\"https:\/\/www.emaer.com.tr\/wp-content\/uploads\/2021\/09\/tibbi-tirnak-torpusu-14lu-emaer.jpg\",\"width\":700,\"height\":1000},{\"@type\":\"BreadcrumbList\",\"@id\":\"https:\/\/www.emaer.com.tr\/tr\/urun\/tibbi-tirnak-torpusu\/#breadcrumb\",\"itemListElement\":[{\"@type\":\"ListItem\",\"position\":1,\"name\":\"Home\",\"item\":\"https:\/\/www.emaer.com.tr\/\"},{\"@type\":\"ListItem\",\"position\":2,\"name\":\"\u00dcr\u00fcnler\",\"item\":\"https:\/\/www.emaer.com.tr\/tr\/urunler\/\"},{\"@type\":\"ListItem\",\"position\":3,\"name\":\"T\u0131bbi T\u0131rnak T\u00f6rp\u00fcs\u00fc\"}]},{\"@type\":\"WebSite\",\"@id\":\"https:\/\/www.emaer.com.tr\/#website\",\"url\":\"https:\/\/www.emaer.com.tr\/\",\"name\":\"Emaer\",\"description\":\"T\u00fcrkiye&#039;nin En B\u00fcy\u00fck T\u00f6rp\u00fc \u00dcreticisi\",\"publisher\":{\"@id\":\"https:\/\/www.emaer.com.tr\/#organization\"},\"potentialAction\":[{\"@type\":\"SearchAction\",\"target\":{\"@type\":\"EntryPoint\",\"urlTemplate\":\"https:\/\/www.emaer.com.tr\/?s={search_term_string}\"},\"query-input\":\"required name=search_term_string\"}],\"inLanguage\":\"tr\"},{\"@type\":\"Organization\",\"@id\":\"https:\/\/www.emaer.com.tr\/#organization\",\"name\":\"Emaer\",\"url\":\"https:\/\/www.emaer.com.tr\/\",\"logo\":{\"@type\":\"ImageObject\",\"inLanguage\":\"tr\",\"@id\":\"https:\/\/www.emaer.com.tr\/#\/schema\/logo\/image\/\",\"url\":\"https:\/\/www.emaer.com.tr\/wp-content\/uploads\/2020\/10\/emaer-logo10.png\",\"contentUrl\":\"https:\/\/www.emaer.com.tr\/wp-content\/uploads\/2020\/10\/emaer-logo10.png\",\"width\":211,\"height\":60,\"caption\":\"Emaer\"},\"image\":{\"@id\":\"https:\/\/www.emaer.com.tr\/#\/schema\/logo\/image\/\"}}]}<\/script>\n<!-- \/ Yoast SEO plugin. -->","yoast_head_json":{"title":"T\u0131bbi T\u0131rnak T\u00f6rp\u00fcs\u00fc - Emaer","description":"T\u0131bbi t\u0131rnak t\u00f6rp\u00fcleri t\u0131rnaklardaki mantarl\u0131 vek hasarl\u0131 k\u0131s\u0131mlar\u0131n t\u00f6rp\u00fclenmesi amac\u0131yla kullan\u0131l\u0131r. \u0130nce ve kal\u0131n \u00e7ift tarafl\u0131 t\u0131rnak t\u00f6rp\u00fcs\u00fc imalat\u0131.","robots":{"index":"index","follow":"follow","max-snippet":"max-snippet:-1","max-image-preview":"max-image-preview:large","max-video-preview":"max-video-preview:-1"},"canonical":"https:\/\/www.emaer.com.tr\/tr\/urun\/tibbi-tirnak-torpusu\/","og_locale":"tr_TR","og_type":"article","og_title":"T\u0131bbi T\u0131rnak T\u00f6rp\u00fcs\u00fc - Emaer","og_description":"T\u0131bbi t\u0131rnak t\u00f6rp\u00fcleri t\u0131rnaklardaki mantarl\u0131 vek hasarl\u0131 k\u0131s\u0131mlar\u0131n t\u00f6rp\u00fclenmesi amac\u0131yla kullan\u0131l\u0131r. \u0130nce ve kal\u0131n \u00e7ift tarafl\u0131 t\u0131rnak t\u00f6rp\u00fcs\u00fc imalat\u0131.","og_url":"https:\/\/www.emaer.com.tr\/tr\/urun\/tibbi-tirnak-torpusu\/","og_site_name":"Emaer","article_modified_time":"2024-01-24T06:07:00+00:00","og_image":[{"width":700,"height":1000,"url":"https:\/\/www.emaer.com.tr\/wp-content\/uploads\/2021\/09\/tibbi-tirnak-torpusu-14lu-emaer.jpg","type":"image\/jpeg"}],"twitter_card":"summary_large_image","twitter_misc":{"Tahmini okuma s\u00fcresi":"1 dakika"},"schema":{"@context":"https:\/\/schema.org","@graph":[{"@type":"WebPage","@id":"https:\/\/www.emaer.com.tr\/tr\/urun\/tibbi-tirnak-torpusu\/","url":"https:\/\/www.emaer.com.tr\/tr\/urun\/tibbi-tirnak-torpusu\/","name":"T\u0131bbi T\u0131rnak T\u00f6rp\u00fcs\u00fc - Emaer","isPartOf":{"@id":"https:\/\/www.emaer.com.tr\/#website"},"primaryImageOfPage":{"@id":"https:\/\/www.emaer.com.tr\/tr\/urun\/tibbi-tirnak-torpusu\/#primaryimage"},"image":{"@id":"https:\/\/www.emaer.com.tr\/tr\/urun\/tibbi-tirnak-torpusu\/#primaryimage"},"thumbnailUrl":"https:\/\/www.emaer.com.tr\/wp-content\/uploads\/2021\/09\/tibbi-tirnak-torpusu-14lu-emaer.jpg","datePublished":"2021-09-11T13:22:20+00:00","dateModified":"2024-01-24T06:07:00+00:00","description":"T\u0131bbi t\u0131rnak t\u00f6rp\u00fcleri t\u0131rnaklardaki mantarl\u0131 vek hasarl\u0131 k\u0131s\u0131mlar\u0131n t\u00f6rp\u00fclenmesi amac\u0131yla kullan\u0131l\u0131r. \u0130nce ve kal\u0131n \u00e7ift tarafl\u0131 t\u0131rnak t\u00f6rp\u00fcs\u00fc imalat\u0131.","breadcrumb":{"@id":"https:\/\/www.emaer.com.tr\/tr\/urun\/tibbi-tirnak-torpusu\/#breadcrumb"},"inLanguage":"tr","potentialAction":[{"@type":"ReadAction","target":["https:\/\/www.emaer.com.tr\/tr\/urun\/tibbi-tirnak-torpusu\/"]}]},{"@type":"ImageObject","inLanguage":"tr","@id":"https:\/\/www.emaer.com.tr\/tr\/urun\/tibbi-tirnak-torpusu\/#primaryimage","url":"https:\/\/www.emaer.com.tr\/wp-content\/uploads\/2021\/09\/tibbi-tirnak-torpusu-14lu-emaer.jpg","contentUrl":"https:\/\/www.emaer.com.tr\/wp-content\/uploads\/2021\/09\/tibbi-tirnak-torpusu-14lu-emaer.jpg","width":700,"height":1000},{"@type":"BreadcrumbList","@id":"https:\/\/www.emaer.com.tr\/tr\/urun\/tibbi-tirnak-torpusu\/#breadcrumb","itemListElement":[{"@type":"ListItem","position":1,"name":"Home","item":"https:\/\/www.emaer.com.tr\/"},{"@type":"ListItem","position":2,"name":"\u00dcr\u00fcnler","item":"https:\/\/www.emaer.com.tr\/tr\/urunler\/"},{"@type":"ListItem","position":3,"name":"T\u0131bbi T\u0131rnak T\u00f6rp\u00fcs\u00fc"}]},{"@type":"WebSite","@id":"https:\/\/www.emaer.com.tr\/#website","url":"https:\/\/www.emaer.com.tr\/","name":"Emaer","description":"T\u00fcrkiye&#039;nin En B\u00fcy\u00fck T\u00f6rp\u00fc \u00dcreticisi","publisher":{"@id":"https:\/\/www.emaer.com.tr\/#organization"},"potentialAction":[{"@type":"SearchAction","target":{"@type":"EntryPoint","urlTemplate":"https:\/\/www.emaer.com.tr\/?s={search_term_string}"},"query-input":"required name=search_term_string"}],"inLanguage":"tr"},{"@type":"Organization","@id":"https:\/\/www.emaer.com.tr\/#organization","name":"Emaer","url":"https:\/\/www.emaer.com.tr\/","logo":{"@type":"ImageObject","inLanguage":"tr","@id":"https:\/\/www.emaer.com.tr\/#\/schema\/logo\/image\/","url":"https:\/\/www.emaer.com.tr\/wp-content\/uploads\/2020\/10\/emaer-logo10.png","contentUrl":"https:\/\/www.emaer.com.tr\/wp-content\/uploads\/2020\/10\/emaer-logo10.png","width":211,"height":60,"caption":"Emaer"},"image":{"@id":"https:\/\/www.emaer.com.tr\/#\/schema\/logo\/image\/"}}]}},"_links":{"self":[{"href":"https:\/\/www.emaer.com.tr\/tr\/wp-json\/wp\/v2\/product\/16538","targetHints":{"allow":["GET"]}}],"collection":[{"href":"https:\/\/www.emaer.com.tr\/tr\/wp-json\/wp\/v2\/product"}],"about":[{"href":"https:\/\/www.emaer.com.tr\/tr\/wp-json\/wp\/v2\/types\/product"}],"version-history":[{"count":5,"href":"https:\/\/www.emaer.com.tr\/tr\/wp-json\/wp\/v2\/product\/16538\/revisions"}],"predecessor-version":[{"id":17699,"href":"https:\/\/www.emaer.com.tr\/tr\/wp-json\/wp\/v2\/product\/16538\/revisions\/17699"}],"wp:featuredmedia":[{"embeddable":true,"href":"https:\/\/www.emaer.com.tr\/tr\/wp-json\/wp\/v2\/media\/16539"}],"wp:attachment":[{"href":"https:\/\/www.emaer.com.tr\/tr\/wp-json\/wp\/v2\/media?parent=16538"}],"wp:term":[{"taxonomy":"product_cat","embeddable":true,"href":"https:\/\/www.emaer.com.tr\/tr\/wp-json\/wp\/v2\/product_cat?post=16538"},{"taxonomy":"product_tag","embeddable":true,"href":"https:\/\/www.emaer.com.tr\/tr\/wp-json\/wp\/v2\/product_tag?post=16538"}],"curies":[{"name":"wp","href":"https:\/\/api.w.org\/{rel}","templated":true}]}}