{"id":16534,"date":"2021-09-11T16:08:34","date_gmt":"2021-09-11T13:08:34","guid":{"rendered":"https:\/\/www.emaer.com.tr\/?post_type=product&#038;p=16534"},"modified":"2024-01-24T13:36:24","modified_gmt":"2024-01-24T10:36:24","slug":"alkollu-swab-5cm","status":"publish","type":"product","link":"https:\/\/www.emaer.com.tr\/tr\/urun\/alkollu-swab-5cm\/","title":{"rendered":"Alkoll\u00fc Swab &#8211; 5cm x 5cm"},"content":{"rendered":"","protected":false},"excerpt":{"rendered":"<p>Talebinize g\u00f6re \u00f6zel olarak logolu toptan bask\u0131l\u0131 izo propil alkol dezenfektan mendil \u00fcretimi ger\u00e7ekle\u015ftiriyoruz. Tekli paketlerde \u00f6nl\u00fc ve arkal\u0131 \u015fekilde mendil paketlerinin ambalajlar\u0131n\u0131 bask\u0131l\u0131 \u015fekilde haz\u0131rlamaktay\u0131z.<\/p>\n<p>T\u0131rnak mantar\u0131 gibi ila\u00e7 setlerinde tercih edilmektedir. \u0130la\u00e7 firmalar\u0131na t\u0131bbi t\u0131rnak t\u00f6rp\u00fcleri ile birlikte izo propil dezenfektan mendili tedari\u011fini ger\u00e7ekle\u015ftirmekteyiz.<\/p>\n","protected":false},"featured_media":17720,"template":"","meta":{"inline_featured_image":false},"product_cat":[77],"product_tag":[],"class_list":{"0":"post-16534","1":"product","2":"type-product","3":"status-publish","4":"has-post-thumbnail","6":"product_cat-swab-mendil","8":"first","9":"instock","10":"shipping-taxable","11":"product-type-simple"},"yoast_head":"<!-- This site is optimized with the Yoast SEO plugin v22.6 - https:\/\/yoast.com\/wordpress\/plugins\/seo\/ -->\n<title>Alkoll\u00fc Swab - 5cm x 5cm - Emaer<\/title>\n<meta name=\"description\" content=\"Talebinize g\u00f6re logolu toptan bask\u0131l\u0131 izo propil alkol dezenfektan mendil \u00fcretimi. \u0130zo propil dezenfektan imalat\u0131. Toptan dezenfektan mendil \u00fcretimi.\" \/>\n<meta name=\"robots\" content=\"index, follow, max-snippet:-1, max-image-preview:large, max-video-preview:-1\" \/>\n<link rel=\"canonical\" href=\"https:\/\/www.emaer.com.tr\/tr\/urun\/alkollu-swab-5cm\/\" \/>\n<meta property=\"og:locale\" content=\"tr_TR\" \/>\n<meta property=\"og:type\" content=\"article\" \/>\n<meta property=\"og:title\" content=\"Alkoll\u00fc Swab - 5cm x 5cm - Emaer\" \/>\n<meta property=\"og:description\" content=\"Talebinize g\u00f6re logolu toptan bask\u0131l\u0131 izo propil alkol dezenfektan mendil \u00fcretimi. \u0130zo propil dezenfektan imalat\u0131. Toptan dezenfektan mendil \u00fcretimi.\" \/>\n<meta property=\"og:url\" content=\"https:\/\/www.emaer.com.tr\/tr\/urun\/alkollu-swab-5cm\/\" \/>\n<meta property=\"og:site_name\" content=\"Emaer\" \/>\n<meta property=\"article:modified_time\" content=\"2024-01-24T10:36:24+00:00\" \/>\n<meta property=\"og:image\" content=\"https:\/\/www.emaer.com.tr\/wp-content\/uploads\/2021\/09\/alcohol-swab-6cm-1.png\" \/>\n\t<meta property=\"og:image:width\" content=\"700\" \/>\n\t<meta property=\"og:image:height\" content=\"1000\" \/>\n\t<meta property=\"og:image:type\" content=\"image\/png\" \/>\n<meta name=\"twitter:card\" content=\"summary_large_image\" \/>\n<script type=\"application\/ld+json\" class=\"yoast-schema-graph\">{\"@context\":\"https:\/\/schema.org\",\"@graph\":[{\"@type\":\"WebPage\",\"@id\":\"https:\/\/www.emaer.com.tr\/tr\/urun\/alkollu-swab-5cm\/\",\"url\":\"https:\/\/www.emaer.com.tr\/tr\/urun\/alkollu-swab-5cm\/\",\"name\":\"Alkoll\u00fc Swab - 5cm x 5cm - Emaer\",\"isPartOf\":{\"@id\":\"https:\/\/www.emaer.com.tr\/#website\"},\"primaryImageOfPage\":{\"@id\":\"https:\/\/www.emaer.com.tr\/tr\/urun\/alkollu-swab-5cm\/#primaryimage\"},\"image\":{\"@id\":\"https:\/\/www.emaer.com.tr\/tr\/urun\/alkollu-swab-5cm\/#primaryimage\"},\"thumbnailUrl\":\"https:\/\/www.emaer.com.tr\/wp-content\/uploads\/2021\/09\/alcohol-swab-6cm-1.png\",\"datePublished\":\"2021-09-11T13:08:34+00:00\",\"dateModified\":\"2024-01-24T10:36:24+00:00\",\"description\":\"Talebinize g\u00f6re logolu toptan bask\u0131l\u0131 izo propil alkol dezenfektan mendil \u00fcretimi. \u0130zo propil dezenfektan imalat\u0131. Toptan dezenfektan mendil \u00fcretimi.\",\"breadcrumb\":{\"@id\":\"https:\/\/www.emaer.com.tr\/tr\/urun\/alkollu-swab-5cm\/#breadcrumb\"},\"inLanguage\":\"tr\",\"potentialAction\":[{\"@type\":\"ReadAction\",\"target\":[\"https:\/\/www.emaer.com.tr\/tr\/urun\/alkollu-swab-5cm\/\"]}]},{\"@type\":\"ImageObject\",\"inLanguage\":\"tr\",\"@id\":\"https:\/\/www.emaer.com.tr\/tr\/urun\/alkollu-swab-5cm\/#primaryimage\",\"url\":\"https:\/\/www.emaer.com.tr\/wp-content\/uploads\/2021\/09\/alcohol-swab-6cm-1.png\",\"contentUrl\":\"https:\/\/www.emaer.com.tr\/wp-content\/uploads\/2021\/09\/alcohol-swab-6cm-1.png\",\"width\":700,\"height\":1000,\"caption\":\"Alcohol Swab\"},{\"@type\":\"BreadcrumbList\",\"@id\":\"https:\/\/www.emaer.com.tr\/tr\/urun\/alkollu-swab-5cm\/#breadcrumb\",\"itemListElement\":[{\"@type\":\"ListItem\",\"position\":1,\"name\":\"Home\",\"item\":\"https:\/\/www.emaer.com.tr\/\"},{\"@type\":\"ListItem\",\"position\":2,\"name\":\"\u00dcr\u00fcnler\",\"item\":\"https:\/\/www.emaer.com.tr\/tr\/urunler\/\"},{\"@type\":\"ListItem\",\"position\":3,\"name\":\"Alkoll\u00fc Swab &#8211; 5cm x 5cm\"}]},{\"@type\":\"WebSite\",\"@id\":\"https:\/\/www.emaer.com.tr\/#website\",\"url\":\"https:\/\/www.emaer.com.tr\/\",\"name\":\"Emaer\",\"description\":\"T\u00fcrkiye&#039;nin En B\u00fcy\u00fck T\u00f6rp\u00fc \u00dcreticisi\",\"publisher\":{\"@id\":\"https:\/\/www.emaer.com.tr\/#organization\"},\"potentialAction\":[{\"@type\":\"SearchAction\",\"target\":{\"@type\":\"EntryPoint\",\"urlTemplate\":\"https:\/\/www.emaer.com.tr\/?s={search_term_string}\"},\"query-input\":\"required name=search_term_string\"}],\"inLanguage\":\"tr\"},{\"@type\":\"Organization\",\"@id\":\"https:\/\/www.emaer.com.tr\/#organization\",\"name\":\"Emaer\",\"url\":\"https:\/\/www.emaer.com.tr\/\",\"logo\":{\"@type\":\"ImageObject\",\"inLanguage\":\"tr\",\"@id\":\"https:\/\/www.emaer.com.tr\/#\/schema\/logo\/image\/\",\"url\":\"https:\/\/www.emaer.com.tr\/wp-content\/uploads\/2020\/10\/emaer-logo10.png\",\"contentUrl\":\"https:\/\/www.emaer.com.tr\/wp-content\/uploads\/2020\/10\/emaer-logo10.png\",\"width\":211,\"height\":60,\"caption\":\"Emaer\"},\"image\":{\"@id\":\"https:\/\/www.emaer.com.tr\/#\/schema\/logo\/image\/\"}}]}<\/script>\n<!-- \/ Yoast SEO plugin. -->","yoast_head_json":{"title":"Alkoll\u00fc Swab - 5cm x 5cm - Emaer","description":"Talebinize g\u00f6re logolu toptan bask\u0131l\u0131 izo propil alkol dezenfektan mendil \u00fcretimi. \u0130zo propil dezenfektan imalat\u0131. Toptan dezenfektan mendil \u00fcretimi.","robots":{"index":"index","follow":"follow","max-snippet":"max-snippet:-1","max-image-preview":"max-image-preview:large","max-video-preview":"max-video-preview:-1"},"canonical":"https:\/\/www.emaer.com.tr\/tr\/urun\/alkollu-swab-5cm\/","og_locale":"tr_TR","og_type":"article","og_title":"Alkoll\u00fc Swab - 5cm x 5cm - Emaer","og_description":"Talebinize g\u00f6re logolu toptan bask\u0131l\u0131 izo propil alkol dezenfektan mendil \u00fcretimi. \u0130zo propil dezenfektan imalat\u0131. Toptan dezenfektan mendil \u00fcretimi.","og_url":"https:\/\/www.emaer.com.tr\/tr\/urun\/alkollu-swab-5cm\/","og_site_name":"Emaer","article_modified_time":"2024-01-24T10:36:24+00:00","og_image":[{"width":700,"height":1000,"url":"https:\/\/www.emaer.com.tr\/wp-content\/uploads\/2021\/09\/alcohol-swab-6cm-1.png","type":"image\/png"}],"twitter_card":"summary_large_image","schema":{"@context":"https:\/\/schema.org","@graph":[{"@type":"WebPage","@id":"https:\/\/www.emaer.com.tr\/tr\/urun\/alkollu-swab-5cm\/","url":"https:\/\/www.emaer.com.tr\/tr\/urun\/alkollu-swab-5cm\/","name":"Alkoll\u00fc Swab - 5cm x 5cm - Emaer","isPartOf":{"@id":"https:\/\/www.emaer.com.tr\/#website"},"primaryImageOfPage":{"@id":"https:\/\/www.emaer.com.tr\/tr\/urun\/alkollu-swab-5cm\/#primaryimage"},"image":{"@id":"https:\/\/www.emaer.com.tr\/tr\/urun\/alkollu-swab-5cm\/#primaryimage"},"thumbnailUrl":"https:\/\/www.emaer.com.tr\/wp-content\/uploads\/2021\/09\/alcohol-swab-6cm-1.png","datePublished":"2021-09-11T13:08:34+00:00","dateModified":"2024-01-24T10:36:24+00:00","description":"Talebinize g\u00f6re logolu toptan bask\u0131l\u0131 izo propil alkol dezenfektan mendil \u00fcretimi. \u0130zo propil dezenfektan imalat\u0131. Toptan dezenfektan mendil \u00fcretimi.","breadcrumb":{"@id":"https:\/\/www.emaer.com.tr\/tr\/urun\/alkollu-swab-5cm\/#breadcrumb"},"inLanguage":"tr","potentialAction":[{"@type":"ReadAction","target":["https:\/\/www.emaer.com.tr\/tr\/urun\/alkollu-swab-5cm\/"]}]},{"@type":"ImageObject","inLanguage":"tr","@id":"https:\/\/www.emaer.com.tr\/tr\/urun\/alkollu-swab-5cm\/#primaryimage","url":"https:\/\/www.emaer.com.tr\/wp-content\/uploads\/2021\/09\/alcohol-swab-6cm-1.png","contentUrl":"https:\/\/www.emaer.com.tr\/wp-content\/uploads\/2021\/09\/alcohol-swab-6cm-1.png","width":700,"height":1000,"caption":"Alcohol Swab"},{"@type":"BreadcrumbList","@id":"https:\/\/www.emaer.com.tr\/tr\/urun\/alkollu-swab-5cm\/#breadcrumb","itemListElement":[{"@type":"ListItem","position":1,"name":"Home","item":"https:\/\/www.emaer.com.tr\/"},{"@type":"ListItem","position":2,"name":"\u00dcr\u00fcnler","item":"https:\/\/www.emaer.com.tr\/tr\/urunler\/"},{"@type":"ListItem","position":3,"name":"Alkoll\u00fc Swab &#8211; 5cm x 5cm"}]},{"@type":"WebSite","@id":"https:\/\/www.emaer.com.tr\/#website","url":"https:\/\/www.emaer.com.tr\/","name":"Emaer","description":"T\u00fcrkiye&#039;nin En B\u00fcy\u00fck T\u00f6rp\u00fc \u00dcreticisi","publisher":{"@id":"https:\/\/www.emaer.com.tr\/#organization"},"potentialAction":[{"@type":"SearchAction","target":{"@type":"EntryPoint","urlTemplate":"https:\/\/www.emaer.com.tr\/?s={search_term_string}"},"query-input":"required name=search_term_string"}],"inLanguage":"tr"},{"@type":"Organization","@id":"https:\/\/www.emaer.com.tr\/#organization","name":"Emaer","url":"https:\/\/www.emaer.com.tr\/","logo":{"@type":"ImageObject","inLanguage":"tr","@id":"https:\/\/www.emaer.com.tr\/#\/schema\/logo\/image\/","url":"https:\/\/www.emaer.com.tr\/wp-content\/uploads\/2020\/10\/emaer-logo10.png","contentUrl":"https:\/\/www.emaer.com.tr\/wp-content\/uploads\/2020\/10\/emaer-logo10.png","width":211,"height":60,"caption":"Emaer"},"image":{"@id":"https:\/\/www.emaer.com.tr\/#\/schema\/logo\/image\/"}}]}},"_links":{"self":[{"href":"https:\/\/www.emaer.com.tr\/tr\/wp-json\/wp\/v2\/product\/16534","targetHints":{"allow":["GET"]}}],"collection":[{"href":"https:\/\/www.emaer.com.tr\/tr\/wp-json\/wp\/v2\/product"}],"about":[{"href":"https:\/\/www.emaer.com.tr\/tr\/wp-json\/wp\/v2\/types\/product"}],"version-history":[{"count":6,"href":"https:\/\/www.emaer.com.tr\/tr\/wp-json\/wp\/v2\/product\/16534\/revisions"}],"predecessor-version":[{"id":17710,"href":"https:\/\/www.emaer.com.tr\/tr\/wp-json\/wp\/v2\/product\/16534\/revisions\/17710"}],"wp:featuredmedia":[{"embeddable":true,"href":"https:\/\/www.emaer.com.tr\/tr\/wp-json\/wp\/v2\/media\/17720"}],"wp:attachment":[{"href":"https:\/\/www.emaer.com.tr\/tr\/wp-json\/wp\/v2\/media?parent=16534"}],"wp:term":[{"taxonomy":"product_cat","embeddable":true,"href":"https:\/\/www.emaer.com.tr\/tr\/wp-json\/wp\/v2\/product_cat?post=16534"},{"taxonomy":"product_tag","embeddable":true,"href":"https:\/\/www.emaer.com.tr\/tr\/wp-json\/wp\/v2\/product_tag?post=16534"}],"curies":[{"name":"wp","href":"https:\/\/api.w.org\/{rel}","templated":true}]}}