{"id":16288,"date":"2021-08-24T13:44:24","date_gmt":"2021-08-24T10:44:24","guid":{"rendered":"https:\/\/www.emaer.com.tr\/?post_type=product&#038;p=16288"},"modified":"2024-01-24T17:33:00","modified_gmt":"2024-01-24T14:33:00","slug":"hale-muz-tirnak-torpusu","status":"publish","type":"product","link":"https:\/\/www.emaer.com.tr\/tr\/urun\/hale-muz-tirnak-torpusu\/","title":{"rendered":"Hale Muz T\u0131rnak T\u00f6rp\u00fcs\u00fc Tekli Paket"},"content":{"rendered":"<p>Muhte\u015fem yap\u0131s\u0131yla t\u0131rnaklar\u0131n\u0131z\u0131 t\u00f6rp\u00fclerken ayn\u0131 zamanda bak\u0131m\u0131n\u0131 yapar. Ergonomik ah\u015fap yap\u0131s\u0131 sayesinde t\u0131rnaklar\u0131n\u0131za m\u00fckemmel \u015fekil verir. Takma t\u0131rnaklarda da kullan\u0131labilir. Dayan\u0131kl\u0131d\u0131r.<\/p>\n<ul>\n<li>Hale t\u0131rnak t\u00f6rp\u00fclerinde ah\u015fap, s\u00fcnger ve ka\u011f\u0131t kullan\u0131lm\u0131\u015ft\u0131r.<\/li>\n<li>Sert t\u0131rnaklar hi\u00e7 zorlanmadan bi\u00e7imlendirilebilir.<\/li>\n<li>K\u0131sa zamanda do\u011fada yok olan \u00fcr\u00fcnd\u00fcr.<\/li>\n<li>\u00c7evreyi kirletmez.<\/li>\n<li>Kanserojen madde i\u00e7ermez.<\/li>\n<li>Orijinal \u00fcr\u00fcnd\u00fcr.<\/li>\n<\/ul>\n<p>Avrupa standartlar\u0131nda yerli \u00fcretim<br \/>\nA\u015f\u0131nd\u0131r\u0131c\u0131 T\u00f6rp\u00fc Mam\u00fcllerinde 20 Y\u0131ll\u0131k Deneyim<\/p>\n","protected":false},"excerpt":{"rendered":"<p><strong>Hammadde :<\/strong> Ah\u015fap, s\u00fcnger ve ka\u011f\u0131t<br \/>\n<strong>Kal\u0131nl\u0131k :<\/strong> 5 mm<br \/>\n<strong>Uzunluk :<\/strong> 18,8 cm<br \/>\n<strong>Geni\u015flik :<\/strong> 3 cm<br \/>\n<strong>A\u011f\u0131rl\u0131k <sup>(paket)<\/sup> :<\/strong> 10 g.<\/p>\n","protected":false},"featured_media":16255,"template":"","meta":{"inline_featured_image":false},"product_cat":[75],"product_tag":[],"class_list":{"0":"post-16288","1":"product","2":"type-product","3":"status-publish","4":"has-post-thumbnail","6":"product_cat-kozmetik","7":"product_brand-hale","9":"first","10":"instock","11":"shipping-taxable","12":"product-type-simple"},"yoast_head":"<!-- This site is optimized with the Yoast SEO plugin v22.6 - https:\/\/yoast.com\/wordpress\/plugins\/seo\/ -->\n<title>Hale Muz T\u0131rnak T\u00f6rp\u00fcs\u00fc Tekli Paket - Emaer<\/title>\n<meta name=\"description\" content=\"Emaer muz t\u0131rnak t\u00f6rp\u00fcleri. Tekli pakette t\u0131rnak t\u00f6rp\u00fcs\u00fc. \u00c7evreyi kirletmeyen ve Avrupa standartlar\u0131nda t\u0131rnak t\u00f6rp\u00fcs\u00fc imalat\u0131. Emaer t\u0131rnak bak\u0131m \u00fcr\u00fcnleri.\" \/>\n<meta name=\"robots\" content=\"index, follow, max-snippet:-1, max-image-preview:large, max-video-preview:-1\" \/>\n<link rel=\"canonical\" href=\"https:\/\/www.emaer.com.tr\/tr\/urun\/hale-muz-tirnak-torpusu\/\" \/>\n<meta property=\"og:locale\" content=\"tr_TR\" \/>\n<meta property=\"og:type\" content=\"article\" \/>\n<meta property=\"og:title\" content=\"Hale Muz T\u0131rnak T\u00f6rp\u00fcs\u00fc Tekli Paket - Emaer\" \/>\n<meta property=\"og:description\" content=\"Emaer muz t\u0131rnak t\u00f6rp\u00fcleri. Tekli pakette t\u0131rnak t\u00f6rp\u00fcs\u00fc. \u00c7evreyi kirletmeyen ve Avrupa standartlar\u0131nda t\u0131rnak t\u00f6rp\u00fcs\u00fc imalat\u0131. Emaer t\u0131rnak bak\u0131m \u00fcr\u00fcnleri.\" \/>\n<meta property=\"og:url\" content=\"https:\/\/www.emaer.com.tr\/tr\/urun\/hale-muz-tirnak-torpusu\/\" \/>\n<meta property=\"og:site_name\" content=\"Emaer\" \/>\n<meta property=\"article:modified_time\" content=\"2024-01-24T14:33:00+00:00\" \/>\n<meta property=\"og:image\" content=\"https:\/\/www.emaer.com.tr\/wp-content\/uploads\/2021\/08\/hale-muz-tirnak-torpusu-tekli-paket.jpg\" \/>\n\t<meta property=\"og:image:width\" content=\"700\" \/>\n\t<meta property=\"og:image:height\" content=\"1000\" \/>\n\t<meta property=\"og:image:type\" content=\"image\/jpeg\" \/>\n<meta name=\"twitter:card\" content=\"summary_large_image\" \/>\n<meta name=\"twitter:label1\" content=\"Tahmini okuma s\u00fcresi\" \/>\n\t<meta name=\"twitter:data1\" content=\"1 dakika\" \/>\n<script type=\"application\/ld+json\" class=\"yoast-schema-graph\">{\"@context\":\"https:\/\/schema.org\",\"@graph\":[{\"@type\":\"WebPage\",\"@id\":\"https:\/\/www.emaer.com.tr\/tr\/urun\/hale-muz-tirnak-torpusu\/\",\"url\":\"https:\/\/www.emaer.com.tr\/tr\/urun\/hale-muz-tirnak-torpusu\/\",\"name\":\"Hale Muz T\u0131rnak T\u00f6rp\u00fcs\u00fc Tekli Paket - Emaer\",\"isPartOf\":{\"@id\":\"https:\/\/www.emaer.com.tr\/#website\"},\"primaryImageOfPage\":{\"@id\":\"https:\/\/www.emaer.com.tr\/tr\/urun\/hale-muz-tirnak-torpusu\/#primaryimage\"},\"image\":{\"@id\":\"https:\/\/www.emaer.com.tr\/tr\/urun\/hale-muz-tirnak-torpusu\/#primaryimage\"},\"thumbnailUrl\":\"https:\/\/www.emaer.com.tr\/wp-content\/uploads\/2021\/08\/hale-muz-tirnak-torpusu-tekli-paket.jpg\",\"datePublished\":\"2021-08-24T10:44:24+00:00\",\"dateModified\":\"2024-01-24T14:33:00+00:00\",\"description\":\"Emaer muz t\u0131rnak t\u00f6rp\u00fcleri. Tekli pakette t\u0131rnak t\u00f6rp\u00fcs\u00fc. \u00c7evreyi kirletmeyen ve Avrupa standartlar\u0131nda t\u0131rnak t\u00f6rp\u00fcs\u00fc imalat\u0131. Emaer t\u0131rnak bak\u0131m \u00fcr\u00fcnleri.\",\"breadcrumb\":{\"@id\":\"https:\/\/www.emaer.com.tr\/tr\/urun\/hale-muz-tirnak-torpusu\/#breadcrumb\"},\"inLanguage\":\"tr\",\"potentialAction\":[{\"@type\":\"ReadAction\",\"target\":[\"https:\/\/www.emaer.com.tr\/tr\/urun\/hale-muz-tirnak-torpusu\/\"]}]},{\"@type\":\"ImageObject\",\"inLanguage\":\"tr\",\"@id\":\"https:\/\/www.emaer.com.tr\/tr\/urun\/hale-muz-tirnak-torpusu\/#primaryimage\",\"url\":\"https:\/\/www.emaer.com.tr\/wp-content\/uploads\/2021\/08\/hale-muz-tirnak-torpusu-tekli-paket.jpg\",\"contentUrl\":\"https:\/\/www.emaer.com.tr\/wp-content\/uploads\/2021\/08\/hale-muz-tirnak-torpusu-tekli-paket.jpg\",\"width\":700,\"height\":1000},{\"@type\":\"BreadcrumbList\",\"@id\":\"https:\/\/www.emaer.com.tr\/tr\/urun\/hale-muz-tirnak-torpusu\/#breadcrumb\",\"itemListElement\":[{\"@type\":\"ListItem\",\"position\":1,\"name\":\"Home\",\"item\":\"https:\/\/www.emaer.com.tr\/\"},{\"@type\":\"ListItem\",\"position\":2,\"name\":\"\u00dcr\u00fcnler\",\"item\":\"https:\/\/www.emaer.com.tr\/tr\/urunler\/\"},{\"@type\":\"ListItem\",\"position\":3,\"name\":\"Hale Muz T\u0131rnak T\u00f6rp\u00fcs\u00fc Tekli Paket\"}]},{\"@type\":\"WebSite\",\"@id\":\"https:\/\/www.emaer.com.tr\/#website\",\"url\":\"https:\/\/www.emaer.com.tr\/\",\"name\":\"Emaer\",\"description\":\"T\u00fcrkiye&#039;nin En B\u00fcy\u00fck T\u00f6rp\u00fc \u00dcreticisi\",\"publisher\":{\"@id\":\"https:\/\/www.emaer.com.tr\/#organization\"},\"potentialAction\":[{\"@type\":\"SearchAction\",\"target\":{\"@type\":\"EntryPoint\",\"urlTemplate\":\"https:\/\/www.emaer.com.tr\/?s={search_term_string}\"},\"query-input\":\"required name=search_term_string\"}],\"inLanguage\":\"tr\"},{\"@type\":\"Organization\",\"@id\":\"https:\/\/www.emaer.com.tr\/#organization\",\"name\":\"Emaer\",\"url\":\"https:\/\/www.emaer.com.tr\/\",\"logo\":{\"@type\":\"ImageObject\",\"inLanguage\":\"tr\",\"@id\":\"https:\/\/www.emaer.com.tr\/#\/schema\/logo\/image\/\",\"url\":\"https:\/\/www.emaer.com.tr\/wp-content\/uploads\/2020\/10\/emaer-logo10.png\",\"contentUrl\":\"https:\/\/www.emaer.com.tr\/wp-content\/uploads\/2020\/10\/emaer-logo10.png\",\"width\":211,\"height\":60,\"caption\":\"Emaer\"},\"image\":{\"@id\":\"https:\/\/www.emaer.com.tr\/#\/schema\/logo\/image\/\"}}]}<\/script>\n<!-- \/ Yoast SEO plugin. -->","yoast_head_json":{"title":"Hale Muz T\u0131rnak T\u00f6rp\u00fcs\u00fc Tekli Paket - Emaer","description":"Emaer muz t\u0131rnak t\u00f6rp\u00fcleri. Tekli pakette t\u0131rnak t\u00f6rp\u00fcs\u00fc. \u00c7evreyi kirletmeyen ve Avrupa standartlar\u0131nda t\u0131rnak t\u00f6rp\u00fcs\u00fc imalat\u0131. Emaer t\u0131rnak bak\u0131m \u00fcr\u00fcnleri.","robots":{"index":"index","follow":"follow","max-snippet":"max-snippet:-1","max-image-preview":"max-image-preview:large","max-video-preview":"max-video-preview:-1"},"canonical":"https:\/\/www.emaer.com.tr\/tr\/urun\/hale-muz-tirnak-torpusu\/","og_locale":"tr_TR","og_type":"article","og_title":"Hale Muz T\u0131rnak T\u00f6rp\u00fcs\u00fc Tekli Paket - Emaer","og_description":"Emaer muz t\u0131rnak t\u00f6rp\u00fcleri. Tekli pakette t\u0131rnak t\u00f6rp\u00fcs\u00fc. \u00c7evreyi kirletmeyen ve Avrupa standartlar\u0131nda t\u0131rnak t\u00f6rp\u00fcs\u00fc imalat\u0131. Emaer t\u0131rnak bak\u0131m \u00fcr\u00fcnleri.","og_url":"https:\/\/www.emaer.com.tr\/tr\/urun\/hale-muz-tirnak-torpusu\/","og_site_name":"Emaer","article_modified_time":"2024-01-24T14:33:00+00:00","og_image":[{"width":700,"height":1000,"url":"https:\/\/www.emaer.com.tr\/wp-content\/uploads\/2021\/08\/hale-muz-tirnak-torpusu-tekli-paket.jpg","type":"image\/jpeg"}],"twitter_card":"summary_large_image","twitter_misc":{"Tahmini okuma s\u00fcresi":"1 dakika"},"schema":{"@context":"https:\/\/schema.org","@graph":[{"@type":"WebPage","@id":"https:\/\/www.emaer.com.tr\/tr\/urun\/hale-muz-tirnak-torpusu\/","url":"https:\/\/www.emaer.com.tr\/tr\/urun\/hale-muz-tirnak-torpusu\/","name":"Hale Muz T\u0131rnak T\u00f6rp\u00fcs\u00fc Tekli Paket - Emaer","isPartOf":{"@id":"https:\/\/www.emaer.com.tr\/#website"},"primaryImageOfPage":{"@id":"https:\/\/www.emaer.com.tr\/tr\/urun\/hale-muz-tirnak-torpusu\/#primaryimage"},"image":{"@id":"https:\/\/www.emaer.com.tr\/tr\/urun\/hale-muz-tirnak-torpusu\/#primaryimage"},"thumbnailUrl":"https:\/\/www.emaer.com.tr\/wp-content\/uploads\/2021\/08\/hale-muz-tirnak-torpusu-tekli-paket.jpg","datePublished":"2021-08-24T10:44:24+00:00","dateModified":"2024-01-24T14:33:00+00:00","description":"Emaer muz t\u0131rnak t\u00f6rp\u00fcleri. Tekli pakette t\u0131rnak t\u00f6rp\u00fcs\u00fc. \u00c7evreyi kirletmeyen ve Avrupa standartlar\u0131nda t\u0131rnak t\u00f6rp\u00fcs\u00fc imalat\u0131. Emaer t\u0131rnak bak\u0131m \u00fcr\u00fcnleri.","breadcrumb":{"@id":"https:\/\/www.emaer.com.tr\/tr\/urun\/hale-muz-tirnak-torpusu\/#breadcrumb"},"inLanguage":"tr","potentialAction":[{"@type":"ReadAction","target":["https:\/\/www.emaer.com.tr\/tr\/urun\/hale-muz-tirnak-torpusu\/"]}]},{"@type":"ImageObject","inLanguage":"tr","@id":"https:\/\/www.emaer.com.tr\/tr\/urun\/hale-muz-tirnak-torpusu\/#primaryimage","url":"https:\/\/www.emaer.com.tr\/wp-content\/uploads\/2021\/08\/hale-muz-tirnak-torpusu-tekli-paket.jpg","contentUrl":"https:\/\/www.emaer.com.tr\/wp-content\/uploads\/2021\/08\/hale-muz-tirnak-torpusu-tekli-paket.jpg","width":700,"height":1000},{"@type":"BreadcrumbList","@id":"https:\/\/www.emaer.com.tr\/tr\/urun\/hale-muz-tirnak-torpusu\/#breadcrumb","itemListElement":[{"@type":"ListItem","position":1,"name":"Home","item":"https:\/\/www.emaer.com.tr\/"},{"@type":"ListItem","position":2,"name":"\u00dcr\u00fcnler","item":"https:\/\/www.emaer.com.tr\/tr\/urunler\/"},{"@type":"ListItem","position":3,"name":"Hale Muz T\u0131rnak T\u00f6rp\u00fcs\u00fc Tekli Paket"}]},{"@type":"WebSite","@id":"https:\/\/www.emaer.com.tr\/#website","url":"https:\/\/www.emaer.com.tr\/","name":"Emaer","description":"T\u00fcrkiye&#039;nin En B\u00fcy\u00fck T\u00f6rp\u00fc \u00dcreticisi","publisher":{"@id":"https:\/\/www.emaer.com.tr\/#organization"},"potentialAction":[{"@type":"SearchAction","target":{"@type":"EntryPoint","urlTemplate":"https:\/\/www.emaer.com.tr\/?s={search_term_string}"},"query-input":"required name=search_term_string"}],"inLanguage":"tr"},{"@type":"Organization","@id":"https:\/\/www.emaer.com.tr\/#organization","name":"Emaer","url":"https:\/\/www.emaer.com.tr\/","logo":{"@type":"ImageObject","inLanguage":"tr","@id":"https:\/\/www.emaer.com.tr\/#\/schema\/logo\/image\/","url":"https:\/\/www.emaer.com.tr\/wp-content\/uploads\/2020\/10\/emaer-logo10.png","contentUrl":"https:\/\/www.emaer.com.tr\/wp-content\/uploads\/2020\/10\/emaer-logo10.png","width":211,"height":60,"caption":"Emaer"},"image":{"@id":"https:\/\/www.emaer.com.tr\/#\/schema\/logo\/image\/"}}]}},"_links":{"self":[{"href":"https:\/\/www.emaer.com.tr\/tr\/wp-json\/wp\/v2\/product\/16288","targetHints":{"allow":["GET"]}}],"collection":[{"href":"https:\/\/www.emaer.com.tr\/tr\/wp-json\/wp\/v2\/product"}],"about":[{"href":"https:\/\/www.emaer.com.tr\/tr\/wp-json\/wp\/v2\/types\/product"}],"version-history":[{"count":3,"href":"https:\/\/www.emaer.com.tr\/tr\/wp-json\/wp\/v2\/product\/16288\/revisions"}],"predecessor-version":[{"id":17748,"href":"https:\/\/www.emaer.com.tr\/tr\/wp-json\/wp\/v2\/product\/16288\/revisions\/17748"}],"wp:featuredmedia":[{"embeddable":true,"href":"https:\/\/www.emaer.com.tr\/tr\/wp-json\/wp\/v2\/media\/16255"}],"wp:attachment":[{"href":"https:\/\/www.emaer.com.tr\/tr\/wp-json\/wp\/v2\/media?parent=16288"}],"wp:term":[{"taxonomy":"product_cat","embeddable":true,"href":"https:\/\/www.emaer.com.tr\/tr\/wp-json\/wp\/v2\/product_cat?post=16288"},{"taxonomy":"product_tag","embeddable":true,"href":"https:\/\/www.emaer.com.tr\/tr\/wp-json\/wp\/v2\/product_tag?post=16288"}],"curies":[{"name":"wp","href":"https:\/\/api.w.org\/{rel}","templated":true}]}}