{"id":17476,"date":"2023-12-27T11:51:05","date_gmt":"2023-12-27T08:51:05","guid":{"rendered":"https:\/\/www.emaer.com.tr\/?page_id=17476"},"modified":"2024-01-23T17:55:58","modified_gmt":"2024-01-23T14:55:58","slug":"uretimlerimiz","status":"publish","type":"page","link":"https:\/\/www.emaer.com.tr\/tr\/uretimlerimiz\/","title":{"rendered":"\u00dcretimlerimiz"},"content":{"rendered":"\t\t<div data-elementor-type=\"wp-page\" data-elementor-id=\"17476\" class=\"elementor elementor-17476\" data-elementor-post-type=\"page\">\n\t\t\t\t\t\t<div class=\"elementor-section elementor-top-section elementor-element elementor-element-2b49a26 elementor-section-stretched elementor-section-boxed elementor-section-height-default elementor-section-height-default\" data-id=\"2b49a26\" data-element_type=\"section\" data-settings=\"{&quot;stretch_section&quot;:&quot;section-stretched&quot;}\">\n\t\t\t\t\t\t<div class=\"elementor-container elementor-column-gap-no\">\n\t\t\t\t\t<div class=\"elementor-column elementor-col-100 elementor-top-column elementor-element elementor-element-5ef190a\" data-id=\"5ef190a\" data-element_type=\"column\">\n\t\t\t<div class=\"elementor-widget-wrap elementor-element-populated\">\n\t\t\t\t\t\t<div class=\"elementor-section elementor-inner-section elementor-element elementor-element-89e4233 elementor-section-boxed elementor-section-height-default elementor-section-height-default\" data-id=\"89e4233\" data-element_type=\"section\">\n\t\t\t\t\t\t<div class=\"elementor-container elementor-column-gap-no\">\n\t\t\t\t\t<div class=\"elementor-column elementor-col-50 elementor-inner-column elementor-element elementor-element-57ba52b\" data-id=\"57ba52b\" data-element_type=\"column\">\n\t\t\t<div class=\"elementor-widget-wrap elementor-element-populated\">\n\t\t\t\t\t\t<div class=\"elementor-element elementor-element-294c560 elementor-widget elementor-widget-heading\" data-id=\"294c560\" data-element_type=\"widget\" data-widget_type=\"heading.default\">\n\t\t\t\t<div class=\"elementor-widget-container\">\n\t\t\t<style>\/*! elementor - v3.21.0 - 30-04-2024 *\/\n.elementor-heading-title{padding:0;margin:0;line-height:1}.elementor-widget-heading .elementor-heading-title[class*=elementor-size-]>a{color:inherit;font-size:inherit;line-height:inherit}.elementor-widget-heading .elementor-heading-title.elementor-size-small{font-size:15px}.elementor-widget-heading .elementor-heading-title.elementor-size-medium{font-size:19px}.elementor-widget-heading .elementor-heading-title.elementor-size-large{font-size:29px}.elementor-widget-heading .elementor-heading-title.elementor-size-xl{font-size:39px}.elementor-widget-heading .elementor-heading-title.elementor-size-xxl{font-size:59px}<\/style><h2 class=\"elementor-heading-title elementor-size-large\">T\u0131rnak T\u00f6rp\u00fcs\u00fc ve Swab Mendil \u00dcretimi<\/h2>\t\t<\/div>\n\t\t\t\t<\/div>\n\t\t\t\t<div class=\"elementor-element elementor-element-94acc86 elementor-widget elementor-widget-text-editor\" data-id=\"94acc86\" data-element_type=\"widget\" data-widget_type=\"text-editor.default\">\n\t\t\t\t<div class=\"elementor-widget-container\">\n\t\t\t<style>\/*! elementor - v3.21.0 - 30-04-2024 *\/\n.elementor-widget-text-editor.elementor-drop-cap-view-stacked .elementor-drop-cap{background-color:#69727d;color:#fff}.elementor-widget-text-editor.elementor-drop-cap-view-framed .elementor-drop-cap{color:#69727d;border:3px solid;background-color:transparent}.elementor-widget-text-editor:not(.elementor-drop-cap-view-default) .elementor-drop-cap{margin-top:8px}.elementor-widget-text-editor:not(.elementor-drop-cap-view-default) .elementor-drop-cap-letter{width:1em;height:1em}.elementor-widget-text-editor .elementor-drop-cap{float:left;text-align:center;line-height:1;font-size:50px}.elementor-widget-text-editor .elementor-drop-cap-letter{display:inline-block}<\/style>\t\t\t\t<p>Emaer Kimya, t\u0131rnak mantar\u0131 tedavisinde kullan\u0131lan y\u00fcksek kaliteli &#8220;T\u0131rnak T\u00f6rp\u00fcs\u00fc&#8221; ve &#8220;Swab Mendil&#8221; \u00fcretimiyle sa\u011fl\u0131k sekt\u00f6r\u00fcnde \u00f6ne \u00e7\u0131kan bir markad\u0131r. En geli\u015fmi\u015f \u00fcretim tekniklerini ve s\u0131k\u0131 kalite kontrol s\u00fcre\u00e7lerini kullanarak, bu iki ana \u00fcr\u00fcn\u00fcm\u00fczde sekt\u00f6r standartlar\u0131n\u0131 a\u015fan bir performans sergiliyoruz. T\u0131rnak t\u00f6rp\u00fclerimiz, mantarl\u0131 t\u0131rnaklar\u0131n etkili ve g\u00fcvenli bir \u015fekilde temizlenmesi i\u00e7in \u00f6zel olarak tasarlanm\u0131\u015ft\u0131r. Her bir model, kullan\u0131m kolayl\u0131\u011f\u0131 ve maksimum hijyen sa\u011flamak \u00fczere dikkatle \u00fcretilmektedir.<\/p><p>Swab mendillerimiz ise, %70 izopropil alkol i\u00e7eri\u011fiyle sa\u011fl\u0131k sekt\u00f6r\u00fcn\u00fcn temizlik ve hijyen ihtiya\u00e7lar\u0131na cevap vermektedir. Tek kullan\u0131ml\u0131k bu mendiller, t\u0131rnak mantar\u0131 tedavisinde ve g\u00fcnl\u00fck t\u0131bbi uygulamalarda etkin bir temizlik ve hijyen \u00e7\u00f6z\u00fcm\u00fc olarak kullan\u0131lmaktad\u0131r.<\/p><div>\u00a0<\/div>\t\t\t\t\t\t<\/div>\n\t\t\t\t<\/div>\n\t\t\t\t\t<\/div>\n\t\t<\/div>\n\t\t\t\t<div class=\"elementor-column elementor-col-50 elementor-inner-column elementor-element elementor-element-40d41f9\" data-id=\"40d41f9\" data-element_type=\"column\">\n\t\t\t<div class=\"elementor-widget-wrap elementor-element-populated\">\n\t\t\t\t\t\t<div class=\"elementor-element elementor-element-c7f69cb elementor-widget elementor-widget-image\" data-id=\"c7f69cb\" data-element_type=\"widget\" data-widget_type=\"image.default\">\n\t\t\t\t<div class=\"elementor-widget-container\">\n\t\t\t<style>\/*! elementor - v3.21.0 - 30-04-2024 *\/\n.elementor-widget-image{text-align:center}.elementor-widget-image a{display:inline-block}.elementor-widget-image a img[src$=\".svg\"]{width:48px}.elementor-widget-image img{vertical-align:middle;display:inline-block}<\/style>\t\t\t\t\t\t\t\t\t\t<img fetchpriority=\"high\" decoding=\"async\" width=\"800\" height=\"600\" src=\"https:\/\/www.emaer.com.tr\/wp-content\/uploads\/2023\/12\/uretim-1.jpg\" class=\"attachment-full size-full wp-image-17487\" alt=\"alkoll\u00fc mendil \u00fcretimi\" srcset=\"https:\/\/www.emaer.com.tr\/wp-content\/uploads\/2023\/12\/uretim-1.jpg 800w, https:\/\/www.emaer.com.tr\/wp-content\/uploads\/2023\/12\/uretim-1-300x225.jpg 300w, https:\/\/www.emaer.com.tr\/wp-content\/uploads\/2023\/12\/uretim-1-768x576.jpg 768w, https:\/\/www.emaer.com.tr\/wp-content\/uploads\/2023\/12\/uretim-1-400x300.jpg 400w\" sizes=\"(max-width: 800px) 100vw, 800px\" \/>\t\t\t\t\t\t\t\t\t\t\t\t\t<\/div>\n\t\t\t\t<\/div>\n\t\t\t\t\t<\/div>\n\t\t<\/div>\n\t\t\t\t\t<\/div>\n\t\t<\/div>\n\t\t\t\t\t<\/div>\n\t\t<\/div>\n\t\t\t\t\t<\/div>\n\t\t<\/div>\n\t\t\t\t<div class=\"elementor-section elementor-top-section elementor-element elementor-element-c0dceb8 elementor-section-stretched elementor-section-boxed elementor-section-height-default elementor-section-height-default\" data-id=\"c0dceb8\" data-element_type=\"section\" data-settings=\"{&quot;stretch_section&quot;:&quot;section-stretched&quot;}\">\n\t\t\t\t\t\t<div class=\"elementor-container elementor-column-gap-no\">\n\t\t\t\t\t<div class=\"elementor-column elementor-col-100 elementor-top-column elementor-element elementor-element-ffb99f8\" data-id=\"ffb99f8\" data-element_type=\"column\">\n\t\t\t<div class=\"elementor-widget-wrap elementor-element-populated\">\n\t\t\t\t\t\t<div class=\"elementor-section elementor-inner-section elementor-element elementor-element-18abe44 elementor-section-boxed elementor-section-height-default elementor-section-height-default\" data-id=\"18abe44\" data-element_type=\"section\">\n\t\t\t\t\t\t<div class=\"elementor-container elementor-column-gap-no\">\n\t\t\t\t\t<div class=\"elementor-column elementor-col-50 elementor-inner-column elementor-element elementor-element-6fcbcd9\" data-id=\"6fcbcd9\" data-element_type=\"column\">\n\t\t\t<div class=\"elementor-widget-wrap elementor-element-populated\">\n\t\t\t\t\t\t<div class=\"elementor-element elementor-element-d2a883c elementor-widget elementor-widget-image\" data-id=\"d2a883c\" data-element_type=\"widget\" data-widget_type=\"image.default\">\n\t\t\t\t<div class=\"elementor-widget-container\">\n\t\t\t\t\t\t\t\t\t\t\t\t\t<img decoding=\"async\" width=\"800\" height=\"400\" src=\"https:\/\/www.emaer.com.tr\/wp-content\/uploads\/2023\/12\/uretim-2-1.jpg\" class=\"attachment-full size-full wp-image-17499\" alt=\"alkoll\u00fc mendiller\" srcset=\"https:\/\/www.emaer.com.tr\/wp-content\/uploads\/2023\/12\/uretim-2-1.jpg 800w, https:\/\/www.emaer.com.tr\/wp-content\/uploads\/2023\/12\/uretim-2-1-300x150.jpg 300w, https:\/\/www.emaer.com.tr\/wp-content\/uploads\/2023\/12\/uretim-2-1-768x384.jpg 768w, https:\/\/www.emaer.com.tr\/wp-content\/uploads\/2023\/12\/uretim-2-1-400x200.jpg 400w\" sizes=\"(max-width: 800px) 100vw, 800px\" \/>\t\t\t\t\t\t\t\t\t\t\t\t\t<\/div>\n\t\t\t\t<\/div>\n\t\t\t\t\t<\/div>\n\t\t<\/div>\n\t\t\t\t<div class=\"elementor-column elementor-col-50 elementor-inner-column elementor-element elementor-element-fbf077b\" data-id=\"fbf077b\" data-element_type=\"column\">\n\t\t\t<div class=\"elementor-widget-wrap elementor-element-populated\">\n\t\t\t\t\t\t<div class=\"elementor-element elementor-element-702f7ff elementor-widget elementor-widget-heading\" data-id=\"702f7ff\" data-element_type=\"widget\" data-widget_type=\"heading.default\">\n\t\t\t\t<div class=\"elementor-widget-container\">\n\t\t\t<h2 class=\"elementor-heading-title elementor-size-large\">\u0130htiya\u00e7lar\u0131n\u0131za \u00d6zel \u00c7\u00f6z\u00fcmler\u200b<\/h2>\t\t<\/div>\n\t\t\t\t<\/div>\n\t\t\t\t<div class=\"elementor-element elementor-element-ff4d80e elementor-widget elementor-widget-text-editor\" data-id=\"ff4d80e\" data-element_type=\"widget\" data-widget_type=\"text-editor.default\">\n\t\t\t\t<div class=\"elementor-widget-container\">\n\t\t\t\t\t\t\t<p>Ana \u00fcr\u00fcnlerimizin yan\u0131 s\u0131ra, Emaer olarak ila\u00e7 firmalar\u0131na t\u0131rnak t\u00f6rp\u00fcs\u00fc ve swab mendiller i\u00e7in \u00f6zelle\u015ftirilmi\u015f ambalaj ve bask\u0131 hizmetleri de sunmaktay\u0131z. M\u00fc\u015fterilerimizin isteklerine g\u00f6re \u00fcr\u00fcn tasar\u0131mlar\u0131 yapmakta, etkin \u00fcretim stratejimizle taleplerinizi h\u0131zl\u0131 bir \u015fekilde kar\u015f\u0131lamaktay\u0131z.\u00a0 Bu hizmetlerle, ila\u00e7 firmalar\u0131n\u0131n \u00fcretim s\u00fcre\u00e7lerini daha verimli hale getirmeyi ama\u00e7l\u0131yoruz. Komple hizmet yelpazemizle, m\u00fc\u015fterilerimizin t\u00fcm gereksinimlerini tek bir noktadan kar\u015f\u0131lamalar\u0131na olanak tan\u0131yoruz.<\/p>\t\t\t\t\t\t<\/div>\n\t\t\t\t<\/div>\n\t\t\t\t\t<\/div>\n\t\t<\/div>\n\t\t\t\t\t<\/div>\n\t\t<\/div>\n\t\t\t\t\t<\/div>\n\t\t<\/div>\n\t\t\t\t\t<\/div>\n\t\t<\/div>\n\t\t\t\t<div class=\"elementor-section elementor-top-section elementor-element elementor-element-e808928 elementor-section-stretched elementor-section-boxed elementor-section-height-default elementor-section-height-default\" data-id=\"e808928\" data-element_type=\"section\" data-settings=\"{&quot;stretch_section&quot;:&quot;section-stretched&quot;}\">\n\t\t\t\t\t\t<div class=\"elementor-container elementor-column-gap-no\">\n\t\t\t\t\t<div class=\"elementor-column elementor-col-100 elementor-top-column elementor-element elementor-element-f24a005\" data-id=\"f24a005\" data-element_type=\"column\">\n\t\t\t<div class=\"elementor-widget-wrap elementor-element-populated\">\n\t\t\t\t\t\t<div class=\"elementor-section elementor-inner-section elementor-element elementor-element-00c8ca3 elementor-section-boxed elementor-section-height-default elementor-section-height-default\" data-id=\"00c8ca3\" data-element_type=\"section\">\n\t\t\t\t\t\t<div class=\"elementor-container elementor-column-gap-no\">\n\t\t\t\t\t<div class=\"elementor-column elementor-col-50 elementor-inner-column elementor-element elementor-element-1e71bfd\" data-id=\"1e71bfd\" data-element_type=\"column\">\n\t\t\t<div class=\"elementor-widget-wrap elementor-element-populated\">\n\t\t\t\t\t\t<div class=\"elementor-element elementor-element-c28d79b elementor-widget elementor-widget-heading\" data-id=\"c28d79b\" data-element_type=\"widget\" data-widget_type=\"heading.default\">\n\t\t\t\t<div class=\"elementor-widget-container\">\n\t\t\t<h2 class=\"elementor-heading-title elementor-size-large\">Global Pazarlarda G\u00fcvenilir Orta\u011f\u0131n\u0131z<\/h2>\t\t<\/div>\n\t\t\t\t<\/div>\n\t\t\t\t<div class=\"elementor-element elementor-element-4482033 elementor-widget elementor-widget-text-editor\" data-id=\"4482033\" data-element_type=\"widget\" data-widget_type=\"text-editor.default\">\n\t\t\t\t<div class=\"elementor-widget-container\">\n\t\t\t\t\t\t\tFirmam\u0131z geli\u015fmi\u015f \u00fcretim kapasitesi ve lojistik a\u011f\u0131m\u0131zla, d\u00fcnya \u00e7ap\u0131nda h\u0131zl\u0131 ve g\u00fcvenilir teslimatlar sunmaktad\u0131r. M\u00fc\u015fterilerimizle kurdu\u011fumuz g\u00fc\u00e7l\u00fc ili\u015fkiler ve sa\u011flad\u0131\u011f\u0131m\u0131z y\u00fcksek kaliteli \u00fcr\u00fcnler, bizi uluslararas\u0131 sa\u011fl\u0131k sekt\u00f6r\u00fcnde tercih edilen bir ortak yapmaktad\u0131r. Emaer Kimya, yenilik\u00e7i \u00fcr\u00fcnleri ve geni\u015f hizmet yelpazesiyle, sa\u011fl\u0131k sekt\u00f6r\u00fcnde m\u00fckemmeliyetin adresidir. T\u0131rnak mantar\u0131 tedavisi ve genel sa\u011fl\u0131k uygulamalar\u0131 i\u00e7in \u00fcr\u00fcn ve hizmetlerimizi ke\u015ffetmek, kalite ve inovasyonumuzu deneyimlemek i\u00e7in bizimle ileti\u015fime ge\u00e7in.\t\t\t\t\t\t<\/div>\n\t\t\t\t<\/div>\n\t\t\t\t\t<\/div>\n\t\t<\/div>\n\t\t\t\t<div class=\"elementor-column elementor-col-50 elementor-inner-column elementor-element elementor-element-b728766\" data-id=\"b728766\" data-element_type=\"column\">\n\t\t\t<div class=\"elementor-widget-wrap elementor-element-populated\">\n\t\t\t\t\t\t<div class=\"elementor-element elementor-element-feb0cc1 elementor-widget elementor-widget-image\" data-id=\"feb0cc1\" data-element_type=\"widget\" data-widget_type=\"image.default\">\n\t\t\t\t<div class=\"elementor-widget-container\">\n\t\t\t\t\t\t\t\t\t\t\t\t\t<img decoding=\"async\" width=\"800\" height=\"400\" src=\"https:\/\/www.emaer.com.tr\/wp-content\/uploads\/2023\/12\/uretim-3-1.jpg\" class=\"attachment-full size-full wp-image-17504\" alt=\"t\u0131rnak t\u00f6rp\u00fcs\u00fc seti\" srcset=\"https:\/\/www.emaer.com.tr\/wp-content\/uploads\/2023\/12\/uretim-3-1.jpg 800w, https:\/\/www.emaer.com.tr\/wp-content\/uploads\/2023\/12\/uretim-3-1-300x150.jpg 300w, https:\/\/www.emaer.com.tr\/wp-content\/uploads\/2023\/12\/uretim-3-1-768x384.jpg 768w, https:\/\/www.emaer.com.tr\/wp-content\/uploads\/2023\/12\/uretim-3-1-400x200.jpg 400w\" sizes=\"(max-width: 800px) 100vw, 800px\" \/>\t\t\t\t\t\t\t\t\t\t\t\t\t<\/div>\n\t\t\t\t<\/div>\n\t\t\t\t\t<\/div>\n\t\t<\/div>\n\t\t\t\t\t<\/div>\n\t\t<\/div>\n\t\t\t\t\t<\/div>\n\t\t<\/div>\n\t\t\t\t\t<\/div>\n\t\t<\/div>\n\t\t\t\t<\/div>\n\t\t","protected":false},"excerpt":{"rendered":"<p>T\u0131rnak T\u00f6rp\u00fcs\u00fc ve Swab Mendil \u00dcretimi Emaer Kimya, t\u0131rnak mantar\u0131 tedavisinde kullan\u0131lan y\u00fcksek kaliteli &#8220;T\u0131rnak T\u00f6rp\u00fcs\u00fc&#8221; ve &#8220;Swab Mendil&#8221; \u00fcretimiyle sa\u011fl\u0131k sekt\u00f6r\u00fcnde \u00f6ne \u00e7\u0131kan bir markad\u0131r. En geli\u015fmi\u015f \u00fcretim tekniklerini ve s\u0131k\u0131 kalite kontrol s\u00fcre\u00e7lerini kullanarak, bu iki ana \u00fcr\u00fcn\u00fcm\u00fczde sekt\u00f6r standartlar\u0131n\u0131 a\u015fan bir performans sergiliyoruz. T\u0131rnak t\u00f6rp\u00fclerimiz, mantarl\u0131 t\u0131rnaklar\u0131n etkili ve g\u00fcvenli bir \u015fekilde [&hellip;]<\/p>\n","protected":false},"author":2,"featured_media":0,"parent":0,"menu_order":0,"comment_status":"closed","ping_status":"closed","template":"template-homepage.php","meta":{"inline_featured_image":false,"footnotes":""},"class_list":["post-17476","page","type-page","status-publish","hentry"],"yoast_head":"<!-- This site is optimized with the Yoast SEO plugin v22.6 - https:\/\/yoast.com\/wordpress\/plugins\/seo\/ -->\n<title>T\u0131rnak T\u00f6rp\u00fcs\u00fc ve Alkoll\u00fc Mendil \u00dcretimi - Emaer<\/title>\n<meta name=\"description\" content=\"Emaer, t\u0131rnak mantar\u0131 tedavisinde kullan\u0131lan y\u00fcksek kaliteli t\u0131rnak t\u00f6rp\u00fcs\u00fc ve alkoll\u00fc mendil \u00fcretimiyle sa\u011fl\u0131k sekt\u00f6r\u00fcnde \u00f6ne \u00e7\u0131kmaktad\u0131r.\" \/>\n<meta name=\"robots\" content=\"index, follow, max-snippet:-1, max-image-preview:large, max-video-preview:-1\" \/>\n<link rel=\"canonical\" href=\"https:\/\/www.emaer.com.tr\/tr\/uretimlerimiz\/\" \/>\n<meta property=\"og:locale\" content=\"tr_TR\" \/>\n<meta property=\"og:type\" content=\"article\" \/>\n<meta property=\"og:title\" content=\"T\u0131rnak T\u00f6rp\u00fcs\u00fc ve Alkoll\u00fc Mendil \u00dcretimi - Emaer\" \/>\n<meta property=\"og:description\" content=\"Emaer, t\u0131rnak mantar\u0131 tedavisinde kullan\u0131lan y\u00fcksek kaliteli t\u0131rnak t\u00f6rp\u00fcs\u00fc ve alkoll\u00fc mendil \u00fcretimiyle sa\u011fl\u0131k sekt\u00f6r\u00fcnde \u00f6ne \u00e7\u0131kmaktad\u0131r.\" \/>\n<meta property=\"og:url\" content=\"https:\/\/www.emaer.com.tr\/tr\/uretimlerimiz\/\" \/>\n<meta property=\"og:site_name\" content=\"Emaer\" \/>\n<meta property=\"article:modified_time\" content=\"2024-01-23T14:55:58+00:00\" \/>\n<meta property=\"og:image\" content=\"https:\/\/www.emaer.com.tr\/wp-content\/uploads\/2023\/12\/uretim-1.jpg\" \/>\n<meta name=\"twitter:card\" content=\"summary_large_image\" \/>\n<meta name=\"twitter:label1\" content=\"Tahmini okuma s\u00fcresi\" \/>\n\t<meta name=\"twitter:data1\" content=\"3 dakika\" \/>\n<script type=\"application\/ld+json\" class=\"yoast-schema-graph\">{\"@context\":\"https:\/\/schema.org\",\"@graph\":[{\"@type\":\"WebPage\",\"@id\":\"https:\/\/www.emaer.com.tr\/tr\/uretimlerimiz\/\",\"url\":\"https:\/\/www.emaer.com.tr\/tr\/uretimlerimiz\/\",\"name\":\"T\u0131rnak T\u00f6rp\u00fcs\u00fc ve Alkoll\u00fc Mendil \u00dcretimi - Emaer\",\"isPartOf\":{\"@id\":\"https:\/\/www.emaer.com.tr\/#website\"},\"primaryImageOfPage\":{\"@id\":\"https:\/\/www.emaer.com.tr\/tr\/uretimlerimiz\/#primaryimage\"},\"image\":{\"@id\":\"https:\/\/www.emaer.com.tr\/tr\/uretimlerimiz\/#primaryimage\"},\"thumbnailUrl\":\"https:\/\/www.emaer.com.tr\/wp-content\/uploads\/2023\/12\/uretim-1.jpg\",\"datePublished\":\"2023-12-27T08:51:05+00:00\",\"dateModified\":\"2024-01-23T14:55:58+00:00\",\"description\":\"Emaer, t\u0131rnak mantar\u0131 tedavisinde kullan\u0131lan y\u00fcksek kaliteli t\u0131rnak t\u00f6rp\u00fcs\u00fc ve alkoll\u00fc mendil \u00fcretimiyle sa\u011fl\u0131k sekt\u00f6r\u00fcnde \u00f6ne \u00e7\u0131kmaktad\u0131r.\",\"breadcrumb\":{\"@id\":\"https:\/\/www.emaer.com.tr\/tr\/uretimlerimiz\/#breadcrumb\"},\"inLanguage\":\"tr\",\"potentialAction\":[{\"@type\":\"ReadAction\",\"target\":[\"https:\/\/www.emaer.com.tr\/tr\/uretimlerimiz\/\"]}]},{\"@type\":\"ImageObject\",\"inLanguage\":\"tr\",\"@id\":\"https:\/\/www.emaer.com.tr\/tr\/uretimlerimiz\/#primaryimage\",\"url\":\"https:\/\/www.emaer.com.tr\/wp-content\/uploads\/2023\/12\/uretim-1.jpg\",\"contentUrl\":\"https:\/\/www.emaer.com.tr\/wp-content\/uploads\/2023\/12\/uretim-1.jpg\"},{\"@type\":\"BreadcrumbList\",\"@id\":\"https:\/\/www.emaer.com.tr\/tr\/uretimlerimiz\/#breadcrumb\",\"itemListElement\":[{\"@type\":\"ListItem\",\"position\":1,\"name\":\"Home\",\"item\":\"https:\/\/www.emaer.com.tr\/\"},{\"@type\":\"ListItem\",\"position\":2,\"name\":\"\u00dcretimlerimiz\"}]},{\"@type\":\"WebSite\",\"@id\":\"https:\/\/www.emaer.com.tr\/#website\",\"url\":\"https:\/\/www.emaer.com.tr\/\",\"name\":\"Emaer\",\"description\":\"T\u00fcrkiye&#039;nin En B\u00fcy\u00fck T\u00f6rp\u00fc \u00dcreticisi\",\"publisher\":{\"@id\":\"https:\/\/www.emaer.com.tr\/#organization\"},\"potentialAction\":[{\"@type\":\"SearchAction\",\"target\":{\"@type\":\"EntryPoint\",\"urlTemplate\":\"https:\/\/www.emaer.com.tr\/?s={search_term_string}\"},\"query-input\":\"required name=search_term_string\"}],\"inLanguage\":\"tr\"},{\"@type\":\"Organization\",\"@id\":\"https:\/\/www.emaer.com.tr\/#organization\",\"name\":\"Emaer\",\"url\":\"https:\/\/www.emaer.com.tr\/\",\"logo\":{\"@type\":\"ImageObject\",\"inLanguage\":\"tr\",\"@id\":\"https:\/\/www.emaer.com.tr\/#\/schema\/logo\/image\/\",\"url\":\"https:\/\/www.emaer.com.tr\/wp-content\/uploads\/2020\/10\/emaer-logo10.png\",\"contentUrl\":\"https:\/\/www.emaer.com.tr\/wp-content\/uploads\/2020\/10\/emaer-logo10.png\",\"width\":211,\"height\":60,\"caption\":\"Emaer\"},\"image\":{\"@id\":\"https:\/\/www.emaer.com.tr\/#\/schema\/logo\/image\/\"}}]}<\/script>\n<!-- \/ Yoast SEO plugin. -->","yoast_head_json":{"title":"T\u0131rnak T\u00f6rp\u00fcs\u00fc ve Alkoll\u00fc Mendil \u00dcretimi - Emaer","description":"Emaer, t\u0131rnak mantar\u0131 tedavisinde kullan\u0131lan y\u00fcksek kaliteli t\u0131rnak t\u00f6rp\u00fcs\u00fc ve alkoll\u00fc mendil \u00fcretimiyle sa\u011fl\u0131k sekt\u00f6r\u00fcnde \u00f6ne \u00e7\u0131kmaktad\u0131r.","robots":{"index":"index","follow":"follow","max-snippet":"max-snippet:-1","max-image-preview":"max-image-preview:large","max-video-preview":"max-video-preview:-1"},"canonical":"https:\/\/www.emaer.com.tr\/tr\/uretimlerimiz\/","og_locale":"tr_TR","og_type":"article","og_title":"T\u0131rnak T\u00f6rp\u00fcs\u00fc ve Alkoll\u00fc Mendil \u00dcretimi - Emaer","og_description":"Emaer, t\u0131rnak mantar\u0131 tedavisinde kullan\u0131lan y\u00fcksek kaliteli t\u0131rnak t\u00f6rp\u00fcs\u00fc ve alkoll\u00fc mendil \u00fcretimiyle sa\u011fl\u0131k sekt\u00f6r\u00fcnde \u00f6ne \u00e7\u0131kmaktad\u0131r.","og_url":"https:\/\/www.emaer.com.tr\/tr\/uretimlerimiz\/","og_site_name":"Emaer","article_modified_time":"2024-01-23T14:55:58+00:00","og_image":[{"url":"https:\/\/www.emaer.com.tr\/wp-content\/uploads\/2023\/12\/uretim-1.jpg"}],"twitter_card":"summary_large_image","twitter_misc":{"Tahmini okuma s\u00fcresi":"3 dakika"},"schema":{"@context":"https:\/\/schema.org","@graph":[{"@type":"WebPage","@id":"https:\/\/www.emaer.com.tr\/tr\/uretimlerimiz\/","url":"https:\/\/www.emaer.com.tr\/tr\/uretimlerimiz\/","name":"T\u0131rnak T\u00f6rp\u00fcs\u00fc ve Alkoll\u00fc Mendil \u00dcretimi - Emaer","isPartOf":{"@id":"https:\/\/www.emaer.com.tr\/#website"},"primaryImageOfPage":{"@id":"https:\/\/www.emaer.com.tr\/tr\/uretimlerimiz\/#primaryimage"},"image":{"@id":"https:\/\/www.emaer.com.tr\/tr\/uretimlerimiz\/#primaryimage"},"thumbnailUrl":"https:\/\/www.emaer.com.tr\/wp-content\/uploads\/2023\/12\/uretim-1.jpg","datePublished":"2023-12-27T08:51:05+00:00","dateModified":"2024-01-23T14:55:58+00:00","description":"Emaer, t\u0131rnak mantar\u0131 tedavisinde kullan\u0131lan y\u00fcksek kaliteli t\u0131rnak t\u00f6rp\u00fcs\u00fc ve alkoll\u00fc mendil \u00fcretimiyle sa\u011fl\u0131k sekt\u00f6r\u00fcnde \u00f6ne \u00e7\u0131kmaktad\u0131r.","breadcrumb":{"@id":"https:\/\/www.emaer.com.tr\/tr\/uretimlerimiz\/#breadcrumb"},"inLanguage":"tr","potentialAction":[{"@type":"ReadAction","target":["https:\/\/www.emaer.com.tr\/tr\/uretimlerimiz\/"]}]},{"@type":"ImageObject","inLanguage":"tr","@id":"https:\/\/www.emaer.com.tr\/tr\/uretimlerimiz\/#primaryimage","url":"https:\/\/www.emaer.com.tr\/wp-content\/uploads\/2023\/12\/uretim-1.jpg","contentUrl":"https:\/\/www.emaer.com.tr\/wp-content\/uploads\/2023\/12\/uretim-1.jpg"},{"@type":"BreadcrumbList","@id":"https:\/\/www.emaer.com.tr\/tr\/uretimlerimiz\/#breadcrumb","itemListElement":[{"@type":"ListItem","position":1,"name":"Home","item":"https:\/\/www.emaer.com.tr\/"},{"@type":"ListItem","position":2,"name":"\u00dcretimlerimiz"}]},{"@type":"WebSite","@id":"https:\/\/www.emaer.com.tr\/#website","url":"https:\/\/www.emaer.com.tr\/","name":"Emaer","description":"T\u00fcrkiye&#039;nin En B\u00fcy\u00fck T\u00f6rp\u00fc \u00dcreticisi","publisher":{"@id":"https:\/\/www.emaer.com.tr\/#organization"},"potentialAction":[{"@type":"SearchAction","target":{"@type":"EntryPoint","urlTemplate":"https:\/\/www.emaer.com.tr\/?s={search_term_string}"},"query-input":"required name=search_term_string"}],"inLanguage":"tr"},{"@type":"Organization","@id":"https:\/\/www.emaer.com.tr\/#organization","name":"Emaer","url":"https:\/\/www.emaer.com.tr\/","logo":{"@type":"ImageObject","inLanguage":"tr","@id":"https:\/\/www.emaer.com.tr\/#\/schema\/logo\/image\/","url":"https:\/\/www.emaer.com.tr\/wp-content\/uploads\/2020\/10\/emaer-logo10.png","contentUrl":"https:\/\/www.emaer.com.tr\/wp-content\/uploads\/2020\/10\/emaer-logo10.png","width":211,"height":60,"caption":"Emaer"},"image":{"@id":"https:\/\/www.emaer.com.tr\/#\/schema\/logo\/image\/"}}]}},"_links":{"self":[{"href":"https:\/\/www.emaer.com.tr\/tr\/wp-json\/wp\/v2\/pages\/17476","targetHints":{"allow":["GET"]}}],"collection":[{"href":"https:\/\/www.emaer.com.tr\/tr\/wp-json\/wp\/v2\/pages"}],"about":[{"href":"https:\/\/www.emaer.com.tr\/tr\/wp-json\/wp\/v2\/types\/page"}],"author":[{"embeddable":true,"href":"https:\/\/www.emaer.com.tr\/tr\/wp-json\/wp\/v2\/users\/2"}],"replies":[{"embeddable":true,"href":"https:\/\/www.emaer.com.tr\/tr\/wp-json\/wp\/v2\/comments?post=17476"}],"version-history":[{"count":31,"href":"https:\/\/www.emaer.com.tr\/tr\/wp-json\/wp\/v2\/pages\/17476\/revisions"}],"predecessor-version":[{"id":17676,"href":"https:\/\/www.emaer.com.tr\/tr\/wp-json\/wp\/v2\/pages\/17476\/revisions\/17676"}],"wp:attachment":[{"href":"https:\/\/www.emaer.com.tr\/tr\/wp-json\/wp\/v2\/media?parent=17476"}],"curies":[{"name":"wp","href":"https:\/\/api.w.org\/{rel}","templated":true}]}}