{"id":16747,"date":"2021-09-12T17:13:16","date_gmt":"2021-09-12T14:13:16","guid":{"rendered":"https:\/\/www.emaer.com.tr\/?page_id=16747"},"modified":"2024-01-10T14:05:42","modified_gmt":"2024-01-10T11:05:42","slug":"kisisel-verileri-koruma-kanunu","status":"publish","type":"page","link":"https:\/\/www.emaer.com.tr\/tr\/kisisel-verileri-koruma-kanunu\/","title":{"rendered":"Ki\u015fisel Verileri Koruma Kanunu"},"content":{"rendered":"<h3>Ki\u015fisel Verilerinizin Korunmas\u0131 Kanunu Hakk\u0131nda Ayd\u0131nlatma Metni<\/h3>\n<p>Emaer Kimya San. Ltd. \u015eti. (Veri Sorumlusu), siz de\u011ferli kullan\u0131c\u0131m\u0131z\u0131n g\u00fcvenli\u011fini g\u00f6z \u00f6n\u00fcnde bulundurarak, ba\u015fta \u00f6zel hayat\u0131n gizlili\u011fi olmak \u00fczere, temel hak ve \u00f6zg\u00fcrl\u00fcklerin korunmas\u0131 amac\u0131yla, ki\u015fisel verilerle ilgili d\u00fczenlenen Ki\u015fisel Verilerin Korunmas\u0131 Kanunu* (\u201cKanun\u201d) istinaden ayd\u0131nlatma y\u00fck\u00fcml\u00fcl\u00fc\u011f\u00fcm\u00fcz kapsam\u0131nda;<\/p>\n<p>Kanun gere\u011fince , Veri sorumlusu ve Veri i\u015fleyen olarak hizmet ili\u015fkinin kurulmas\u0131, hizmet devaml\u0131l\u0131\u011f\u0131n\u0131n sa\u011flanmas\u0131 , hizmetlerimizin ifa edilmesi ,firma olarak di\u011fer yasalardan kaynaklanan sorumluluklar gere\u011fince ki\u015fisel verileriniz kaydedilmekte ve saklanmaktad\u0131r.<\/p>\n<p>\u0130\u015f bu kapsamda Veri Sorumlusu s\u0131fat\u0131yla, ki\u015fisel bilgileri Kanun\u2019da a\u00e7\u0131kland\u0131\u011f\u0131 \u00e7er\u00e7evede; elde edebilecek, kaydedebilecek, muhafaza edebilecek, s\u00f6zle\u015fmesel ili\u015fkinin devam ettirebilmek amac\u0131yla g\u00fcncelleyebilecek, yeniden d\u00fczenleyebilecek, ilgili mevzuat\u0131n izin verdi\u011fi durumlarda ve \u00f6l\u00e7\u00fcde \u00fc\u00e7\u00fcnc\u00fc ki\u015filere a\u00e7\u0131klayabilecek, devredebilecek, aktarabilecek, payla\u015fabilecek ve Kanun\u2019da say\u0131lan di\u011fer \u015fekillerde i\u015fleyebilecektir.<\/p>\n<p>Ki\u015fisel verileriniz, hizmet s\u00f6zle\u015fmelerimizden faydalanabilmeniz i\u00e7in beyan etti\u011finiz ad\u0131n\u0131z-soyad\u0131n\u0131z adresiniz, ileti\u015fim numaralar\u0131n\u0131z kimlik numaran\u0131z, fatura bilgileriniz, doktor veya \u00e7al\u0131\u015fanlar\u0131m\u0131z taraf\u0131ndan taraf\u0131n\u0131za y\u00f6neltilen sorular, verdi\u011finiz cevaplar, talep etti\u011finiz i\u015flemler, eri\u015fim bilgileri gibi sizi tan\u0131mlayan veri ve bilgileri ifade etmektedir.<\/p>\n<p>Ki\u015fisel verileriniz, tamamen veya k\u0131smen otomatik yollarla tedavi veya randevu s\u0131ras\u0131nda , \u00e7a\u011fr\u0131 merkezi hizmetlerinden faydalanman\u0131z halinde kullan\u0131c\u0131 g\u00fcvenli\u011finiz i\u00e7in m\u00fc\u015fteri temsilcilerimiz taraf\u0131ndan istenilen bilgiler ve beyanlar\u0131n\u0131z\u0131n kay\u0131t alt\u0131na al\u0131nmas\u0131 ile, belgeli alan adlar\u0131 ve di\u011fer hizmetlerde talep edilen kimlik \u00f6rnekleri gibi veri ve belgelerin taraf\u0131m\u0131za iletilmesi ile toplanabilmektedir.<\/p>\n<p>\u00d6zel nitelikli ki\u015fisel veri ; ki\u015filerin \u0131rk\u0131, etnik k\u00f6keni, siyasi d\u00fc\u015f\u00fcncesi, felsefi inanc\u0131, dini, mezhebi veya di\u011fer inan\u00e7lar\u0131, k\u0131l\u0131k ve k\u0131yafeti, dernek, vak\u0131f ya da sendika \u00fcyeli\u011fi, sa\u011fl\u0131\u011f\u0131, cinsel hayat\u0131, ceza mahk\u00fbmiyeti ve g\u00fcvenlik tedbirleriyle ilgili verileri ile biyometrik ve genetik verilerini ifade etmektedir.<\/p>\n<p>Firmam\u0131z kural olarak kullan\u0131c\u0131lar\u0131ndan ili\u015fkin \u00f6zel nitelikli veri talep etmez ve i\u015flemez, Ancak 3.ki\u015fi ve kurulu\u015flar\u0131n politikalar\u0131 gere\u011fi tescil i\u00e7in zorunlu olan bilgi ve veriler \u00f6zel nitelikli ki\u015fisel veri arz etmesi halinde bununla s\u0131n\u0131rl\u0131 olmak \u00fczere kay\u0131t alt\u0131na al\u0131nabilir.<\/p>\n<p>Kanun\u2019un \u0130stisnalar ba\u015fl\u0131kl\u0131 28. maddesinde \u00f6ng\u00f6r\u00fclen haller sakl\u0131 kalmak kayd\u0131yla, Kanun\u2019un 11. maddesi \u00e7er\u00e7evesinde \u015eirketimize ba\u015fvurarak kullanabilece\u011finiz haklar\u0131n\u0131z \u015fu \u015fekildedir:<\/p>\n<ul>\n<li>Ki\u015fisel verilerinizin i\u015flenip i\u015flenmedi\u011fini \u00f6\u011frenme,<\/li>\n<li>Ki\u015fisel verileriniz i\u015flenmi\u015fse buna ili\u015fkin bilgi talep etme,<\/li>\n<li>Ki\u015fisel verilerinizin i\u015flenme amac\u0131n\u0131 ve bunlar\u0131n amac\u0131na uygun kullan\u0131l\u0131p kullan\u0131lmad\u0131\u011f\u0131n\u0131 \u00f6\u011frenme,<\/li>\n<li>Yurt i\u00e7inde veya yurt d\u0131\u015f\u0131nda ki\u015fisel verilerinizin aktar\u0131ld\u0131\u011f\u0131 \u00fc\u00e7\u00fcnc\u00fc ki\u015fileri bilme,<\/li>\n<li>Ki\u015fisel verilerinizin eksik veya yanl\u0131\u015f i\u015flenmi\u015f olmas\u0131 h\u00e2linde bunlar\u0131n d\u00fczeltilmesini isteme,<\/li>\n<li>Kanun\u2019un 7. maddesinde \u00f6ng\u00f6r\u00fclen \u015fartlar \u00e7er\u00e7evesinde ki\u015fisel verilerin silinmesini veya yok edilmesini isteme,<\/li>\n<li>Yukar\u0131daki maddeler uyar\u0131nca yap\u0131lan i\u015flemlerin, ki\u015fisel verilerinizin aktar\u0131ld\u0131\u011f\u0131 \u00fc\u00e7\u00fcnc\u00fc ki\u015filere bildirilmesini isteme,<\/li>\n<li>\u0130\u015flenen verilerinizin m\u00fcnhas\u0131ran otomatik sistemler vas\u0131tas\u0131yla analiz edilmesi suretiyle aleyhinize bir sonucun ortaya \u00e7\u0131kmas\u0131na itiraz etme,<\/li>\n<li>Ki\u015fisel verilerinizin kanuna ayk\u0131r\u0131 olarak i\u015flenmesi sebebiyle zarara u\u011framan\u0131z h\u00e2linde zarar\u0131n\u0131z\u0131n giderilmesini talep etme.<\/li>\n<\/ul>\n<p>Taleplerinizin yerine getirilmesini teminen Emaer Kimya San. Ltd. \u015eti. yap\u0131lacak masraflar\u0131, Kanun\u2019un Veri Sorumlusuna Ba\u015fvuru ba\u015fl\u0131kl\u0131 13. maddesinde belirtilen tarifeye g\u00f6re taraf\u0131n\u0131zdan talep etme hakk\u0131m\u0131z sakl\u0131 oldu\u011funu belirtmek isteriz.<\/p>\n<p><em>* 7 Nisan 2016 tarihli ve 29677 say\u0131l\u0131 Resmi Gazete\u2019de yay\u0131mlanarak y\u00fcr\u00fcrl\u00fc\u011fe giren 6698 say\u0131l\u0131 Ki\u015fisel Verilerin Korunmas\u0131 Kanunu<\/em><\/p>\n","protected":false},"excerpt":{"rendered":"<p>Ki\u015fisel Verilerinizin Korunmas\u0131 Kanunu Hakk\u0131nda Ayd\u0131nlatma Metni Emaer Kimya San. Ltd. \u015eti. (Veri Sorumlusu), siz de\u011ferli kullan\u0131c\u0131m\u0131z\u0131n g\u00fcvenli\u011fini g\u00f6z \u00f6n\u00fcnde bulundurarak, ba\u015fta \u00f6zel hayat\u0131n gizlili\u011fi olmak \u00fczere, temel hak ve \u00f6zg\u00fcrl\u00fcklerin korunmas\u0131 amac\u0131yla, ki\u015fisel verilerle ilgili d\u00fczenlenen Ki\u015fisel Verilerin Korunmas\u0131 Kanunu* (\u201cKanun\u201d) istinaden ayd\u0131nlatma y\u00fck\u00fcml\u00fcl\u00fc\u011f\u00fcm\u00fcz kapsam\u0131nda; Kanun gere\u011fince , Veri sorumlusu ve Veri i\u015fleyen olarak [&hellip;]<\/p>\n","protected":false},"author":1,"featured_media":0,"parent":0,"menu_order":0,"comment_status":"closed","ping_status":"closed","template":"","meta":{"inline_featured_image":false,"footnotes":""},"class_list":["post-16747","page","type-page","status-publish","hentry"],"yoast_head":"<!-- This site is optimized with the Yoast SEO plugin v22.6 - https:\/\/yoast.com\/wordpress\/plugins\/seo\/ -->\n<title>Ki\u015fisel Verileri Koruma Kanunu - Emaer<\/title>\n<meta name=\"description\" content=\"Ki\u015fisel verilerinizin korunmas\u0131 kanunu hakk\u0131nda haz\u0131rlad\u0131\u011f\u0131m\u0131z ayd\u0131nlatma metnimiz.\" \/>\n<meta name=\"robots\" content=\"index, follow, max-snippet:-1, max-image-preview:large, max-video-preview:-1\" \/>\n<link rel=\"canonical\" href=\"https:\/\/www.emaer.com.tr\/tr\/kisisel-verileri-koruma-kanunu\/\" \/>\n<meta property=\"og:locale\" content=\"tr_TR\" \/>\n<meta property=\"og:type\" content=\"article\" \/>\n<meta property=\"og:title\" content=\"Ki\u015fisel Verileri Koruma Kanunu - Emaer\" \/>\n<meta property=\"og:description\" content=\"Ki\u015fisel verilerinizin korunmas\u0131 kanunu hakk\u0131nda haz\u0131rlad\u0131\u011f\u0131m\u0131z ayd\u0131nlatma metnimiz.\" \/>\n<meta property=\"og:url\" content=\"https:\/\/www.emaer.com.tr\/tr\/kisisel-verileri-koruma-kanunu\/\" \/>\n<meta property=\"og:site_name\" content=\"Emaer\" \/>\n<meta property=\"article:modified_time\" content=\"2024-01-10T11:05:42+00:00\" \/>\n<meta name=\"twitter:card\" content=\"summary_large_image\" \/>\n<meta name=\"twitter:label1\" content=\"Tahmini okuma s\u00fcresi\" \/>\n\t<meta name=\"twitter:data1\" content=\"3 dakika\" \/>\n<script type=\"application\/ld+json\" class=\"yoast-schema-graph\">{\"@context\":\"https:\/\/schema.org\",\"@graph\":[{\"@type\":\"WebPage\",\"@id\":\"https:\/\/www.emaer.com.tr\/tr\/kisisel-verileri-koruma-kanunu\/\",\"url\":\"https:\/\/www.emaer.com.tr\/tr\/kisisel-verileri-koruma-kanunu\/\",\"name\":\"Ki\u015fisel Verileri Koruma Kanunu - Emaer\",\"isPartOf\":{\"@id\":\"https:\/\/www.emaer.com.tr\/#website\"},\"datePublished\":\"2021-09-12T14:13:16+00:00\",\"dateModified\":\"2024-01-10T11:05:42+00:00\",\"description\":\"Ki\u015fisel verilerinizin korunmas\u0131 kanunu hakk\u0131nda haz\u0131rlad\u0131\u011f\u0131m\u0131z ayd\u0131nlatma metnimiz.\",\"breadcrumb\":{\"@id\":\"https:\/\/www.emaer.com.tr\/tr\/kisisel-verileri-koruma-kanunu\/#breadcrumb\"},\"inLanguage\":\"tr\",\"potentialAction\":[{\"@type\":\"ReadAction\",\"target\":[\"https:\/\/www.emaer.com.tr\/tr\/kisisel-verileri-koruma-kanunu\/\"]}]},{\"@type\":\"BreadcrumbList\",\"@id\":\"https:\/\/www.emaer.com.tr\/tr\/kisisel-verileri-koruma-kanunu\/#breadcrumb\",\"itemListElement\":[{\"@type\":\"ListItem\",\"position\":1,\"name\":\"Home\",\"item\":\"https:\/\/www.emaer.com.tr\/\"},{\"@type\":\"ListItem\",\"position\":2,\"name\":\"Ki\u015fisel Verileri Koruma Kanunu\"}]},{\"@type\":\"WebSite\",\"@id\":\"https:\/\/www.emaer.com.tr\/#website\",\"url\":\"https:\/\/www.emaer.com.tr\/\",\"name\":\"Emaer\",\"description\":\"T\u00fcrkiye&#039;nin En B\u00fcy\u00fck T\u00f6rp\u00fc \u00dcreticisi\",\"publisher\":{\"@id\":\"https:\/\/www.emaer.com.tr\/#organization\"},\"potentialAction\":[{\"@type\":\"SearchAction\",\"target\":{\"@type\":\"EntryPoint\",\"urlTemplate\":\"https:\/\/www.emaer.com.tr\/?s={search_term_string}\"},\"query-input\":\"required name=search_term_string\"}],\"inLanguage\":\"tr\"},{\"@type\":\"Organization\",\"@id\":\"https:\/\/www.emaer.com.tr\/#organization\",\"name\":\"Emaer\",\"url\":\"https:\/\/www.emaer.com.tr\/\",\"logo\":{\"@type\":\"ImageObject\",\"inLanguage\":\"tr\",\"@id\":\"https:\/\/www.emaer.com.tr\/#\/schema\/logo\/image\/\",\"url\":\"https:\/\/www.emaer.com.tr\/wp-content\/uploads\/2020\/10\/emaer-logo10.png\",\"contentUrl\":\"https:\/\/www.emaer.com.tr\/wp-content\/uploads\/2020\/10\/emaer-logo10.png\",\"width\":211,\"height\":60,\"caption\":\"Emaer\"},\"image\":{\"@id\":\"https:\/\/www.emaer.com.tr\/#\/schema\/logo\/image\/\"}}]}<\/script>\n<!-- \/ Yoast SEO plugin. -->","yoast_head_json":{"title":"Ki\u015fisel Verileri Koruma Kanunu - Emaer","description":"Ki\u015fisel verilerinizin korunmas\u0131 kanunu hakk\u0131nda haz\u0131rlad\u0131\u011f\u0131m\u0131z ayd\u0131nlatma metnimiz.","robots":{"index":"index","follow":"follow","max-snippet":"max-snippet:-1","max-image-preview":"max-image-preview:large","max-video-preview":"max-video-preview:-1"},"canonical":"https:\/\/www.emaer.com.tr\/tr\/kisisel-verileri-koruma-kanunu\/","og_locale":"tr_TR","og_type":"article","og_title":"Ki\u015fisel Verileri Koruma Kanunu - Emaer","og_description":"Ki\u015fisel verilerinizin korunmas\u0131 kanunu hakk\u0131nda haz\u0131rlad\u0131\u011f\u0131m\u0131z ayd\u0131nlatma metnimiz.","og_url":"https:\/\/www.emaer.com.tr\/tr\/kisisel-verileri-koruma-kanunu\/","og_site_name":"Emaer","article_modified_time":"2024-01-10T11:05:42+00:00","twitter_card":"summary_large_image","twitter_misc":{"Tahmini okuma s\u00fcresi":"3 dakika"},"schema":{"@context":"https:\/\/schema.org","@graph":[{"@type":"WebPage","@id":"https:\/\/www.emaer.com.tr\/tr\/kisisel-verileri-koruma-kanunu\/","url":"https:\/\/www.emaer.com.tr\/tr\/kisisel-verileri-koruma-kanunu\/","name":"Ki\u015fisel Verileri Koruma Kanunu - Emaer","isPartOf":{"@id":"https:\/\/www.emaer.com.tr\/#website"},"datePublished":"2021-09-12T14:13:16+00:00","dateModified":"2024-01-10T11:05:42+00:00","description":"Ki\u015fisel verilerinizin korunmas\u0131 kanunu hakk\u0131nda haz\u0131rlad\u0131\u011f\u0131m\u0131z ayd\u0131nlatma metnimiz.","breadcrumb":{"@id":"https:\/\/www.emaer.com.tr\/tr\/kisisel-verileri-koruma-kanunu\/#breadcrumb"},"inLanguage":"tr","potentialAction":[{"@type":"ReadAction","target":["https:\/\/www.emaer.com.tr\/tr\/kisisel-verileri-koruma-kanunu\/"]}]},{"@type":"BreadcrumbList","@id":"https:\/\/www.emaer.com.tr\/tr\/kisisel-verileri-koruma-kanunu\/#breadcrumb","itemListElement":[{"@type":"ListItem","position":1,"name":"Home","item":"https:\/\/www.emaer.com.tr\/"},{"@type":"ListItem","position":2,"name":"Ki\u015fisel Verileri Koruma Kanunu"}]},{"@type":"WebSite","@id":"https:\/\/www.emaer.com.tr\/#website","url":"https:\/\/www.emaer.com.tr\/","name":"Emaer","description":"T\u00fcrkiye&#039;nin En B\u00fcy\u00fck T\u00f6rp\u00fc \u00dcreticisi","publisher":{"@id":"https:\/\/www.emaer.com.tr\/#organization"},"potentialAction":[{"@type":"SearchAction","target":{"@type":"EntryPoint","urlTemplate":"https:\/\/www.emaer.com.tr\/?s={search_term_string}"},"query-input":"required name=search_term_string"}],"inLanguage":"tr"},{"@type":"Organization","@id":"https:\/\/www.emaer.com.tr\/#organization","name":"Emaer","url":"https:\/\/www.emaer.com.tr\/","logo":{"@type":"ImageObject","inLanguage":"tr","@id":"https:\/\/www.emaer.com.tr\/#\/schema\/logo\/image\/","url":"https:\/\/www.emaer.com.tr\/wp-content\/uploads\/2020\/10\/emaer-logo10.png","contentUrl":"https:\/\/www.emaer.com.tr\/wp-content\/uploads\/2020\/10\/emaer-logo10.png","width":211,"height":60,"caption":"Emaer"},"image":{"@id":"https:\/\/www.emaer.com.tr\/#\/schema\/logo\/image\/"}}]}},"_links":{"self":[{"href":"https:\/\/www.emaer.com.tr\/tr\/wp-json\/wp\/v2\/pages\/16747","targetHints":{"allow":["GET"]}}],"collection":[{"href":"https:\/\/www.emaer.com.tr\/tr\/wp-json\/wp\/v2\/pages"}],"about":[{"href":"https:\/\/www.emaer.com.tr\/tr\/wp-json\/wp\/v2\/types\/page"}],"author":[{"embeddable":true,"href":"https:\/\/www.emaer.com.tr\/tr\/wp-json\/wp\/v2\/users\/1"}],"replies":[{"embeddable":true,"href":"https:\/\/www.emaer.com.tr\/tr\/wp-json\/wp\/v2\/comments?post=16747"}],"version-history":[{"count":3,"href":"https:\/\/www.emaer.com.tr\/tr\/wp-json\/wp\/v2\/pages\/16747\/revisions"}],"predecessor-version":[{"id":17140,"href":"https:\/\/www.emaer.com.tr\/tr\/wp-json\/wp\/v2\/pages\/16747\/revisions\/17140"}],"wp:attachment":[{"href":"https:\/\/www.emaer.com.tr\/tr\/wp-json\/wp\/v2\/media?parent=16747"}],"curies":[{"name":"wp","href":"https:\/\/api.w.org\/{rel}","templated":true}]}}