{"id":16337,"date":"2021-08-24T15:34:36","date_gmt":"2021-08-24T12:34:36","guid":{"rendered":"https:\/\/www.emaer.com.tr\/?page_id=16337"},"modified":"2024-01-23T17:40:37","modified_gmt":"2024-01-23T14:40:37","slug":"urunlerimiz","status":"publish","type":"page","link":"https:\/\/www.emaer.com.tr\/tr\/urunlerimiz\/","title":{"rendered":"\u00dcr\u00fcnlerimiz"},"content":{"rendered":"\t\t<div data-elementor-type=\"wp-page\" data-elementor-id=\"16337\" class=\"elementor elementor-16337\" data-elementor-post-type=\"page\">\n\t\t\t\t\t\t<section class=\"elementor-section elementor-top-section elementor-element elementor-element-16800b7 elementor-section-boxed elementor-section-height-default elementor-section-height-default\" data-id=\"16800b7\" data-element_type=\"section\">\n\t\t\t\t\t\t<div class=\"elementor-container elementor-column-gap-default\">\n\t\t\t\t\t<div class=\"elementor-column elementor-col-50 elementor-top-column elementor-element elementor-element-380c72b\" data-id=\"380c72b\" data-element_type=\"column\">\n\t\t\t<div class=\"elementor-widget-wrap elementor-element-populated\">\n\t\t\t\t\t\t<div class=\"elementor-element elementor-element-4aa5ecb elementor-widget elementor-widget-smartic-product-categories\" data-id=\"4aa5ecb\" data-element_type=\"widget\" data-widget_type=\"smartic-product-categories.default\">\n\t\t\t\t<div class=\"elementor-widget-container\">\n\t\t\t\n            <div class=\"product-cat layout_default\">\n\n                \n                <div class=\"cat-image\">\n                    <a class=\"link_category_product\" href=\"https:\/\/www.emaer.com.tr\/tr\/kategori\/medikal-torpuler\/\" title=\"Medikal T\u00f6rp\u00fcler\">\n                                                    <img decoding=\"async\" src=\"https:\/\/www.emaer.com.tr\/wp-content\/uploads\/2023\/11\/kategori-ana.png\" alt=\"Medikal T\u00f6rp\u00fcler\">\n                                            <\/a>\n                    <div class=\"product-cat-caption\">\n                        <div class=\"cat-title\">\n                            <a href=\"https:\/\/www.emaer.com.tr\/tr\/kategori\/medikal-torpuler\/\" title=\"Medikal T\u00f6rp\u00fcler\">\n                                <span class=\"cats-title-text\">Medikal T\u00f6rp\u00fcler<\/span>\n                            <\/a>\n                            <div class=\"cat-total\"><\/div>\n                        <\/div>\n\n                    <\/div>\n                <\/div>\n            <\/div>\n            \t\t<\/div>\n\t\t\t\t<\/div>\n\t\t\t\t\t<\/div>\n\t\t<\/div>\n\t\t\t\t<div class=\"elementor-column elementor-col-50 elementor-top-column elementor-element elementor-element-782637f\" data-id=\"782637f\" data-element_type=\"column\">\n\t\t\t<div class=\"elementor-widget-wrap elementor-element-populated\">\n\t\t\t\t\t\t<div class=\"elementor-element elementor-element-d70053e elementor-widget elementor-widget-smartic-product-categories\" data-id=\"d70053e\" data-element_type=\"widget\" data-widget_type=\"smartic-product-categories.default\">\n\t\t\t\t<div class=\"elementor-widget-container\">\n\t\t\t\n            <div class=\"product-cat layout_default\">\n\n                \n                <div class=\"cat-image\">\n                    <a class=\"link_category_product\" href=\"https:\/\/www.emaer.com.tr\/tr\/kategori\/swab-mendil\/\" title=\"Swab Mendil\">\n                                                    <img decoding=\"async\" src=\"https:\/\/www.emaer.com.tr\/wp-content\/uploads\/2023\/12\/alkollu-mendiller.jpg\" alt=\"Swab Mendil\">\n                                            <\/a>\n                    <div class=\"product-cat-caption\">\n                        <div class=\"cat-title\">\n                            <a href=\"https:\/\/www.emaer.com.tr\/tr\/kategori\/swab-mendil\/\" title=\"Swab Mendil\">\n                                <span class=\"cats-title-text\">Swab Mendil<\/span>\n                            <\/a>\n                            <div class=\"cat-total\"><\/div>\n                        <\/div>\n\n                    <\/div>\n                <\/div>\n            <\/div>\n            \t\t<\/div>\n\t\t\t\t<\/div>\n\t\t\t\t\t<\/div>\n\t\t<\/div>\n\t\t\t\t\t<\/div>\n\t\t<\/section>\n\t\t\t\t<section class=\"elementor-section elementor-top-section elementor-element elementor-element-5d36d4a elementor-section-boxed elementor-section-height-default elementor-section-height-default\" data-id=\"5d36d4a\" data-element_type=\"section\">\n\t\t\t\t\t\t<div class=\"elementor-container elementor-column-gap-default\">\n\t\t\t\t\t<div class=\"elementor-column elementor-col-50 elementor-top-column elementor-element elementor-element-ce8dfc3\" data-id=\"ce8dfc3\" data-element_type=\"column\">\n\t\t\t<div class=\"elementor-widget-wrap elementor-element-populated\">\n\t\t\t\t\t\t<div class=\"elementor-element elementor-element-c1bb42a elementor-widget elementor-widget-smartic-product-categories\" data-id=\"c1bb42a\" data-element_type=\"widget\" data-widget_type=\"smartic-product-categories.default\">\n\t\t\t\t<div class=\"elementor-widget-container\">\n\t\t\t\n            <div class=\"product-cat layout_default\">\n\n                \n                <div class=\"cat-image\">\n                    <a class=\"link_category_product\" href=\"https:\/\/www.emaer.com.tr\/tr\/kategori\/kozmetik\/\" title=\"Kozmetik\">\n                                                    <img decoding=\"async\" src=\"https:\/\/www.emaer.com.tr\/wp-content\/uploads\/2024\/01\/kozmetik-kategori.jpg\" alt=\"Kozmetik\">\n                                            <\/a>\n                    <div class=\"product-cat-caption\">\n                        <div class=\"cat-title\">\n                            <a href=\"https:\/\/www.emaer.com.tr\/tr\/kategori\/kozmetik\/\" title=\"Kozmetik\">\n                                <span class=\"cats-title-text\">Kozmetik<\/span>\n                            <\/a>\n                            <div class=\"cat-total\"><\/div>\n                        <\/div>\n\n                    <\/div>\n                <\/div>\n            <\/div>\n            \t\t<\/div>\n\t\t\t\t<\/div>\n\t\t\t\t\t<\/div>\n\t\t<\/div>\n\t\t\t\t<div class=\"elementor-column elementor-col-50 elementor-top-column elementor-element elementor-element-f7c4fff\" data-id=\"f7c4fff\" data-element_type=\"column\">\n\t\t\t<div class=\"elementor-widget-wrap elementor-element-populated\">\n\t\t\t\t\t\t<div class=\"elementor-element elementor-element-9015494 elementor-widget elementor-widget-smartic-product-categories\" data-id=\"9015494\" data-element_type=\"widget\" data-widget_type=\"smartic-product-categories.default\">\n\t\t\t\t<div class=\"elementor-widget-container\">\n\t\t\t\n            <div class=\"product-cat layout_default\">\n\n                \n                <div class=\"cat-image\">\n                    <a class=\"link_category_product\" href=\"https:\/\/www.emaer.com.tr\/tr\/kategori\/hirdavat\/\" title=\"H\u0131rdavat\">\n                                                    <img decoding=\"async\" src=\"https:\/\/www.emaer.com.tr\/wp-content\/uploads\/2024\/01\/hirdavat-kategori.jpg\" alt=\"H\u0131rdavat\">\n                                            <\/a>\n                    <div class=\"product-cat-caption\">\n                        <div class=\"cat-title\">\n                            <a href=\"https:\/\/www.emaer.com.tr\/tr\/kategori\/hirdavat\/\" title=\"H\u0131rdavat\">\n                                <span class=\"cats-title-text\">H\u0131rdavat<\/span>\n                            <\/a>\n                            <div class=\"cat-total\"><\/div>\n                        <\/div>\n\n                    <\/div>\n                <\/div>\n            <\/div>\n            \t\t<\/div>\n\t\t\t\t<\/div>\n\t\t\t\t\t<\/div>\n\t\t<\/div>\n\t\t\t\t\t<\/div>\n\t\t<\/section>\n\t\t\t\t<\/div>\n\t\t","protected":false},"excerpt":{"rendered":"<p>Medikal T\u00f6rp\u00fcler Swab Mendil Kozmetik H\u0131rdavat<\/p>\n","protected":false},"author":1,"featured_media":0,"parent":0,"menu_order":0,"comment_status":"closed","ping_status":"closed","template":"elementor_theme","meta":{"inline_featured_image":false,"footnotes":""},"class_list":["post-16337","page","type-page","status-publish","hentry"],"yoast_head":"<!-- This site is optimized with the Yoast SEO plugin v22.6 - https:\/\/yoast.com\/wordpress\/plugins\/seo\/ -->\n<title>T\u00fcrkiye&#039;nin Tek Yerli T\u00f6rp\u00fc \u00dcreticisi - Emaer<\/title>\n<meta name=\"description\" content=\"T\u00fcrkiye&#039;nin tek yerli \u00fcreticisi olan Emaer t\u0131rnak t\u00f6rp\u00fcleri, alkoll\u00fc mendiler, ayak t\u00f6rp\u00fcleri ve ah\u015fap boya kar\u0131\u015ft\u0131rma \u00e7ubu\u011fu \u00fcretmektedir.\" \/>\n<meta name=\"robots\" content=\"index, follow, max-snippet:-1, max-image-preview:large, max-video-preview:-1\" \/>\n<link rel=\"canonical\" href=\"https:\/\/www.emaer.com.tr\/tr\/urunlerimiz\/\" \/>\n<meta property=\"og:locale\" content=\"tr_TR\" \/>\n<meta property=\"og:type\" content=\"article\" \/>\n<meta property=\"og:title\" content=\"T\u00fcrkiye&#039;nin Tek Yerli T\u00f6rp\u00fc \u00dcreticisi - Emaer\" \/>\n<meta property=\"og:description\" content=\"T\u00fcrkiye&#039;nin tek yerli \u00fcreticisi olan Emaer t\u0131rnak t\u00f6rp\u00fcleri, alkoll\u00fc mendiler, ayak t\u00f6rp\u00fcleri ve ah\u015fap boya kar\u0131\u015ft\u0131rma \u00e7ubu\u011fu \u00fcretmektedir.\" \/>\n<meta property=\"og:url\" content=\"https:\/\/www.emaer.com.tr\/tr\/urunlerimiz\/\" \/>\n<meta property=\"og:site_name\" content=\"Emaer\" \/>\n<meta property=\"article:modified_time\" content=\"2024-01-23T14:40:37+00:00\" \/>\n<meta property=\"og:image\" content=\"https:\/\/www.emaer.com.tr\/wp-content\/uploads\/2023\/11\/kategori-ana.png\" \/>\n<meta name=\"twitter:card\" content=\"summary_large_image\" \/>\n<meta name=\"twitter:label1\" content=\"Tahmini okuma s\u00fcresi\" \/>\n\t<meta name=\"twitter:data1\" content=\"1 dakika\" \/>\n<script type=\"application\/ld+json\" class=\"yoast-schema-graph\">{\"@context\":\"https:\/\/schema.org\",\"@graph\":[{\"@type\":\"WebPage\",\"@id\":\"https:\/\/www.emaer.com.tr\/tr\/urunlerimiz\/\",\"url\":\"https:\/\/www.emaer.com.tr\/tr\/urunlerimiz\/\",\"name\":\"T\u00fcrkiye'nin Tek Yerli T\u00f6rp\u00fc \u00dcreticisi - Emaer\",\"isPartOf\":{\"@id\":\"https:\/\/www.emaer.com.tr\/#website\"},\"primaryImageOfPage\":{\"@id\":\"https:\/\/www.emaer.com.tr\/tr\/urunlerimiz\/#primaryimage\"},\"image\":{\"@id\":\"https:\/\/www.emaer.com.tr\/tr\/urunlerimiz\/#primaryimage\"},\"thumbnailUrl\":\"https:\/\/www.emaer.com.tr\/wp-content\/uploads\/2023\/11\/kategori-ana.png\",\"datePublished\":\"2021-08-24T12:34:36+00:00\",\"dateModified\":\"2024-01-23T14:40:37+00:00\",\"description\":\"T\u00fcrkiye'nin tek yerli \u00fcreticisi olan Emaer t\u0131rnak t\u00f6rp\u00fcleri, alkoll\u00fc mendiler, ayak t\u00f6rp\u00fcleri ve ah\u015fap boya kar\u0131\u015ft\u0131rma \u00e7ubu\u011fu \u00fcretmektedir.\",\"breadcrumb\":{\"@id\":\"https:\/\/www.emaer.com.tr\/tr\/urunlerimiz\/#breadcrumb\"},\"inLanguage\":\"tr\",\"potentialAction\":[{\"@type\":\"ReadAction\",\"target\":[\"https:\/\/www.emaer.com.tr\/tr\/urunlerimiz\/\"]}]},{\"@type\":\"ImageObject\",\"inLanguage\":\"tr\",\"@id\":\"https:\/\/www.emaer.com.tr\/tr\/urunlerimiz\/#primaryimage\",\"url\":\"https:\/\/www.emaer.com.tr\/wp-content\/uploads\/2023\/11\/kategori-ana.png\",\"contentUrl\":\"https:\/\/www.emaer.com.tr\/wp-content\/uploads\/2023\/11\/kategori-ana.png\"},{\"@type\":\"BreadcrumbList\",\"@id\":\"https:\/\/www.emaer.com.tr\/tr\/urunlerimiz\/#breadcrumb\",\"itemListElement\":[{\"@type\":\"ListItem\",\"position\":1,\"name\":\"Home\",\"item\":\"https:\/\/www.emaer.com.tr\/\"},{\"@type\":\"ListItem\",\"position\":2,\"name\":\"\u00dcr\u00fcnlerimiz\"}]},{\"@type\":\"WebSite\",\"@id\":\"https:\/\/www.emaer.com.tr\/#website\",\"url\":\"https:\/\/www.emaer.com.tr\/\",\"name\":\"Emaer\",\"description\":\"T\u00fcrkiye&#039;nin En B\u00fcy\u00fck T\u00f6rp\u00fc \u00dcreticisi\",\"publisher\":{\"@id\":\"https:\/\/www.emaer.com.tr\/#organization\"},\"potentialAction\":[{\"@type\":\"SearchAction\",\"target\":{\"@type\":\"EntryPoint\",\"urlTemplate\":\"https:\/\/www.emaer.com.tr\/?s={search_term_string}\"},\"query-input\":\"required name=search_term_string\"}],\"inLanguage\":\"tr\"},{\"@type\":\"Organization\",\"@id\":\"https:\/\/www.emaer.com.tr\/#organization\",\"name\":\"Emaer\",\"url\":\"https:\/\/www.emaer.com.tr\/\",\"logo\":{\"@type\":\"ImageObject\",\"inLanguage\":\"tr\",\"@id\":\"https:\/\/www.emaer.com.tr\/#\/schema\/logo\/image\/\",\"url\":\"https:\/\/www.emaer.com.tr\/wp-content\/uploads\/2020\/10\/emaer-logo10.png\",\"contentUrl\":\"https:\/\/www.emaer.com.tr\/wp-content\/uploads\/2020\/10\/emaer-logo10.png\",\"width\":211,\"height\":60,\"caption\":\"Emaer\"},\"image\":{\"@id\":\"https:\/\/www.emaer.com.tr\/#\/schema\/logo\/image\/\"}}]}<\/script>\n<!-- \/ Yoast SEO plugin. -->","yoast_head_json":{"title":"T\u00fcrkiye'nin Tek Yerli T\u00f6rp\u00fc \u00dcreticisi - Emaer","description":"T\u00fcrkiye'nin tek yerli \u00fcreticisi olan Emaer t\u0131rnak t\u00f6rp\u00fcleri, alkoll\u00fc mendiler, ayak t\u00f6rp\u00fcleri ve ah\u015fap boya kar\u0131\u015ft\u0131rma \u00e7ubu\u011fu \u00fcretmektedir.","robots":{"index":"index","follow":"follow","max-snippet":"max-snippet:-1","max-image-preview":"max-image-preview:large","max-video-preview":"max-video-preview:-1"},"canonical":"https:\/\/www.emaer.com.tr\/tr\/urunlerimiz\/","og_locale":"tr_TR","og_type":"article","og_title":"T\u00fcrkiye'nin Tek Yerli T\u00f6rp\u00fc \u00dcreticisi - Emaer","og_description":"T\u00fcrkiye'nin tek yerli \u00fcreticisi olan Emaer t\u0131rnak t\u00f6rp\u00fcleri, alkoll\u00fc mendiler, ayak t\u00f6rp\u00fcleri ve ah\u015fap boya kar\u0131\u015ft\u0131rma \u00e7ubu\u011fu \u00fcretmektedir.","og_url":"https:\/\/www.emaer.com.tr\/tr\/urunlerimiz\/","og_site_name":"Emaer","article_modified_time":"2024-01-23T14:40:37+00:00","og_image":[{"url":"https:\/\/www.emaer.com.tr\/wp-content\/uploads\/2023\/11\/kategori-ana.png"}],"twitter_card":"summary_large_image","twitter_misc":{"Tahmini okuma s\u00fcresi":"1 dakika"},"schema":{"@context":"https:\/\/schema.org","@graph":[{"@type":"WebPage","@id":"https:\/\/www.emaer.com.tr\/tr\/urunlerimiz\/","url":"https:\/\/www.emaer.com.tr\/tr\/urunlerimiz\/","name":"T\u00fcrkiye'nin Tek Yerli T\u00f6rp\u00fc \u00dcreticisi - Emaer","isPartOf":{"@id":"https:\/\/www.emaer.com.tr\/#website"},"primaryImageOfPage":{"@id":"https:\/\/www.emaer.com.tr\/tr\/urunlerimiz\/#primaryimage"},"image":{"@id":"https:\/\/www.emaer.com.tr\/tr\/urunlerimiz\/#primaryimage"},"thumbnailUrl":"https:\/\/www.emaer.com.tr\/wp-content\/uploads\/2023\/11\/kategori-ana.png","datePublished":"2021-08-24T12:34:36+00:00","dateModified":"2024-01-23T14:40:37+00:00","description":"T\u00fcrkiye'nin tek yerli \u00fcreticisi olan Emaer t\u0131rnak t\u00f6rp\u00fcleri, alkoll\u00fc mendiler, ayak t\u00f6rp\u00fcleri ve ah\u015fap boya kar\u0131\u015ft\u0131rma \u00e7ubu\u011fu \u00fcretmektedir.","breadcrumb":{"@id":"https:\/\/www.emaer.com.tr\/tr\/urunlerimiz\/#breadcrumb"},"inLanguage":"tr","potentialAction":[{"@type":"ReadAction","target":["https:\/\/www.emaer.com.tr\/tr\/urunlerimiz\/"]}]},{"@type":"ImageObject","inLanguage":"tr","@id":"https:\/\/www.emaer.com.tr\/tr\/urunlerimiz\/#primaryimage","url":"https:\/\/www.emaer.com.tr\/wp-content\/uploads\/2023\/11\/kategori-ana.png","contentUrl":"https:\/\/www.emaer.com.tr\/wp-content\/uploads\/2023\/11\/kategori-ana.png"},{"@type":"BreadcrumbList","@id":"https:\/\/www.emaer.com.tr\/tr\/urunlerimiz\/#breadcrumb","itemListElement":[{"@type":"ListItem","position":1,"name":"Home","item":"https:\/\/www.emaer.com.tr\/"},{"@type":"ListItem","position":2,"name":"\u00dcr\u00fcnlerimiz"}]},{"@type":"WebSite","@id":"https:\/\/www.emaer.com.tr\/#website","url":"https:\/\/www.emaer.com.tr\/","name":"Emaer","description":"T\u00fcrkiye&#039;nin En B\u00fcy\u00fck T\u00f6rp\u00fc \u00dcreticisi","publisher":{"@id":"https:\/\/www.emaer.com.tr\/#organization"},"potentialAction":[{"@type":"SearchAction","target":{"@type":"EntryPoint","urlTemplate":"https:\/\/www.emaer.com.tr\/?s={search_term_string}"},"query-input":"required name=search_term_string"}],"inLanguage":"tr"},{"@type":"Organization","@id":"https:\/\/www.emaer.com.tr\/#organization","name":"Emaer","url":"https:\/\/www.emaer.com.tr\/","logo":{"@type":"ImageObject","inLanguage":"tr","@id":"https:\/\/www.emaer.com.tr\/#\/schema\/logo\/image\/","url":"https:\/\/www.emaer.com.tr\/wp-content\/uploads\/2020\/10\/emaer-logo10.png","contentUrl":"https:\/\/www.emaer.com.tr\/wp-content\/uploads\/2020\/10\/emaer-logo10.png","width":211,"height":60,"caption":"Emaer"},"image":{"@id":"https:\/\/www.emaer.com.tr\/#\/schema\/logo\/image\/"}}]}},"_links":{"self":[{"href":"https:\/\/www.emaer.com.tr\/tr\/wp-json\/wp\/v2\/pages\/16337","targetHints":{"allow":["GET"]}}],"collection":[{"href":"https:\/\/www.emaer.com.tr\/tr\/wp-json\/wp\/v2\/pages"}],"about":[{"href":"https:\/\/www.emaer.com.tr\/tr\/wp-json\/wp\/v2\/types\/page"}],"author":[{"embeddable":true,"href":"https:\/\/www.emaer.com.tr\/tr\/wp-json\/wp\/v2\/users\/1"}],"replies":[{"embeddable":true,"href":"https:\/\/www.emaer.com.tr\/tr\/wp-json\/wp\/v2\/comments?post=16337"}],"version-history":[{"count":59,"href":"https:\/\/www.emaer.com.tr\/tr\/wp-json\/wp\/v2\/pages\/16337\/revisions"}],"predecessor-version":[{"id":17655,"href":"https:\/\/www.emaer.com.tr\/tr\/wp-json\/wp\/v2\/pages\/16337\/revisions\/17655"}],"wp:attachment":[{"href":"https:\/\/www.emaer.com.tr\/tr\/wp-json\/wp\/v2\/media?parent=16337"}],"curies":[{"name":"wp","href":"https:\/\/api.w.org\/{rel}","templated":true}]}}